{"id":9762,"date":"2025-11-22T14:49:53","date_gmt":"2025-11-22T14:49:53","guid":{"rendered":"https:\/\/natation.ch\/product\/snorkel\/"},"modified":"2025-12-27T14:08:10","modified_gmt":"2025-12-27T14:08:10","slug":"snorkel","status":"publish","type":"product","link":"https:\/\/natation.ch\/it\/prodotto\/snorkel\/","title":{"rendered":"Snorkel"},"content":{"rendered":"<p>Lo snorkel Orca \u00e8 un accessorio base per l&#8217;allenamento nel nuoto. Pu\u00f2 essere regolato per una vestibilit\u00e0 perfetta, in modo da poterti concentrare sul miglioramento della tua tecnica, respirando continuamente sott&#8217;acqua. Puoi espellere l&#8217;acqua che potrebbe entrare nel tubo mentre nuoti attraverso la valvola di scarico. Migliora la tua tecnica e le tue prestazioni in acqua.   <\/p>\n","protected":false},"excerpt":{"rendered":"<p>Lo snorkel Orca \u00e8 un accessorio base per l&#8217;allenamento nel nuoto. Pu\u00f2 essere regolato per una vestibilit\u00e0 perfetta, in modo da poterti concentrare sul miglioramento della tua tecnica, respirando continuamente sott&#8217;acqua. Puoi espellere l&#8217;acqua che potrebbe entrare nel tubo mentre nuoti attraverso la valvola di scarico. Migliora la tua tecnica e le tue prestazioni in acqua.   <\/p>\n","protected":false},"featured_media":9758,"comment_status":"closed","ping_status":"closed","template":"","meta":[],"product_brand":[331],"product_cat":[74,90],"product_tag":[],"class_list":{"0":"post-9762","1":"product","2":"type-product","3":"status-publish","4":"has-post-thumbnail","6":"product_brand-orca","7":"product_cat-attrezzatura","8":"product_cat-snorkel","10":"first","11":"instock","12":"shipping-taxable","13":"purchasable","14":"product-type-variable"},"_links":{"self":[{"href":"https:\/\/natation.ch\/it\/wp-json\/wp\/v2\/product\/9762","targetHints":{"allow":["GET"]}}],"collection":[{"href":"https:\/\/natation.ch\/it\/wp-json\/wp\/v2\/product"}],"about":[{"href":"https:\/\/natation.ch\/it\/wp-json\/wp\/v2\/types\/product"}],"replies":[{"embeddable":true,"href":"https:\/\/natation.ch\/it\/wp-json\/wp\/v2\/comments?post=9762"}],"wp:featuredmedia":[{"embeddable":true,"href":"https:\/\/natation.ch\/it\/wp-json\/wp\/v2\/media\/9758"}],"wp:attachment":[{"href":"https:\/\/natation.ch\/it\/wp-json\/wp\/v2\/media?parent=9762"}],"wp:term":[{"taxonomy":"product_brand","embeddable":true,"href":"https:\/\/natation.ch\/it\/wp-json\/wp\/v2\/product_brand?post=9762"},{"taxonomy":"product_cat","embeddable":true,"href":"https:\/\/natation.ch\/it\/wp-json\/wp\/v2\/product_cat?post=9762"},{"taxonomy":"product_tag","embeddable":true,"href":"https:\/\/natation.ch\/it\/wp-json\/wp\/v2\/product_tag?post=9762"}],"curies":[{"name":"wp","href":"https:\/\/api.w.org\/{rel}","templated":true}]}}