{"id":9726,"date":"2025-11-22T14:49:26","date_gmt":"2025-11-22T14:49:26","guid":{"rendered":"https:\/\/natation.ch\/product\/maschera-da-nuoto\/"},"modified":"2025-11-22T14:49:26","modified_gmt":"2025-11-22T14:49:26","slug":"maschera-da-nuoto","status":"publish","type":"product","link":"https:\/\/natation.ch\/it\/prodotto\/maschera-da-nuoto\/","title":{"rendered":"Maschera da nuoto"},"content":{"rendered":"<p>La nuova maschera da nuoto Orca \u00e8 una comoda alternativa ai classici occhialini da nuoto. Questa maschera leggera e resistente all&#8217;acqua ha lenti pi\u00f9 grandi, che offrono un campo visivo pi\u00f9 ampio. \u00c8 stata progettata per aderire perfettamente al naso e al viso, proteggendoti dagli infortuni durante le gare di triathlon. L&#8217;aggiunta di silicone e una semplice regolazione prevengono i segni intorno agli occhi. Occhialini per il massimo comfort e una visione pi\u00f9 ampia.<\/p>\n","protected":false},"excerpt":{"rendered":"<p>Orca<\/p>\n<p>La nuova maschera da nuoto Orca \u00e8 una comoda alternativa ai classici occhialini da nuoto. Questa maschera leggera e resistente all&#8217;acqua ha lenti pi\u00f9 grandi, che offrono un campo visivo pi\u00f9 ampio. \u00c8 stata progettata per aderire perfettamente al naso e al viso, proteggendoti dagli infortuni durante le gare di triathlon. L&#8217;aggiunta di silicone e una semplice regolazione prevengono i segni intorno agli occhi. Occhialini per il massimo comfort e una visione pi\u00f9 ampia.<\/p>\n","protected":false},"featured_media":177,"comment_status":"closed","ping_status":"closed","template":"","meta":[],"product_brand":[331],"product_cat":[74,77],"product_tag":[],"class_list":{"0":"post-9726","1":"product","2":"type-product","3":"status-publish","4":"has-post-thumbnail","6":"product_brand-orca","7":"product_cat-attrezzatura","8":"product_cat-occhialini","10":"first","11":"instock","12":"shipping-taxable","13":"purchasable","14":"product-type-simple"},"_links":{"self":[{"href":"https:\/\/natation.ch\/it\/wp-json\/wp\/v2\/product\/9726","targetHints":{"allow":["GET"]}}],"collection":[{"href":"https:\/\/natation.ch\/it\/wp-json\/wp\/v2\/product"}],"about":[{"href":"https:\/\/natation.ch\/it\/wp-json\/wp\/v2\/types\/product"}],"replies":[{"embeddable":true,"href":"https:\/\/natation.ch\/it\/wp-json\/wp\/v2\/comments?post=9726"}],"wp:featuredmedia":[{"embeddable":true,"href":"https:\/\/natation.ch\/it\/wp-json\/wp\/v2\/media\/177"}],"wp:attachment":[{"href":"https:\/\/natation.ch\/it\/wp-json\/wp\/v2\/media?parent=9726"}],"wp:term":[{"taxonomy":"product_brand","embeddable":true,"href":"https:\/\/natation.ch\/it\/wp-json\/wp\/v2\/product_brand?post=9726"},{"taxonomy":"product_cat","embeddable":true,"href":"https:\/\/natation.ch\/it\/wp-json\/wp\/v2\/product_cat?post=9726"},{"taxonomy":"product_tag","embeddable":true,"href":"https:\/\/natation.ch\/it\/wp-json\/wp\/v2\/product_tag?post=9726"}],"curies":[{"name":"wp","href":"https:\/\/api.w.org\/{rel}","templated":true}]}}