{"id":9720,"date":"2025-11-22T14:49:54","date_gmt":"2025-11-22T14:49:54","guid":{"rendered":"https:\/\/natation.ch\/product\/cuffia-da-nuoto-in-neoprene\/"},"modified":"2025-11-22T14:49:54","modified_gmt":"2025-11-22T14:49:54","slug":"cuffia-da-nuoto-in-neoprene","status":"publish","type":"product","link":"https:\/\/natation.ch\/it\/prodotto\/cuffia-da-nuoto-in-neoprene\/","title":{"rendered":"Cuffia da nuoto in neoprene"},"content":{"rendered":"<p>La cuffia da nuoto \u00e8 perfetta per ridurre la perdita di calore dalla testa, cos\u00ec puoi stare comodo in acqua senza sottogola. La cuffia \u00e8 tenuta in posizione tramite una fascia in velcro sul retro, il che significa che puoi regolarla per una vestibilit\u00e0 perfetta senza alcun potenziale fastidio sotto il mento <\/p>\n","protected":false},"excerpt":{"rendered":"<p>Orca<\/p>\n<p>La cuffia da nuoto \u00e8 perfetta per ridurre la perdita di calore dalla testa, cos\u00ec puoi stare comodo in acqua senza sottogola. La cuffia \u00e8 tenuta in posizione tramite una fascia in velcro sul retro, il che significa che puoi regolarla per una vestibilit\u00e0 perfetta senza alcun potenziale fastidio sotto il mento <\/p>\n","protected":false},"featured_media":275,"comment_status":"closed","ping_status":"closed","template":"","meta":[],"product_brand":[331],"product_cat":[59,65],"product_tag":[],"class_list":{"0":"post-9720","1":"product","2":"type-product","3":"status-publish","4":"has-post-thumbnail","6":"product_brand-orca","7":"product_cat-accessori","8":"product_cat-cuffie","9":"product_shipping_class-petitarticle","11":"first","12":"instock","13":"shipping-taxable","14":"purchasable","15":"product-type-variable"},"_links":{"self":[{"href":"https:\/\/natation.ch\/it\/wp-json\/wp\/v2\/product\/9720","targetHints":{"allow":["GET"]}}],"collection":[{"href":"https:\/\/natation.ch\/it\/wp-json\/wp\/v2\/product"}],"about":[{"href":"https:\/\/natation.ch\/it\/wp-json\/wp\/v2\/types\/product"}],"replies":[{"embeddable":true,"href":"https:\/\/natation.ch\/it\/wp-json\/wp\/v2\/comments?post=9720"}],"wp:featuredmedia":[{"embeddable":true,"href":"https:\/\/natation.ch\/it\/wp-json\/wp\/v2\/media\/275"}],"wp:attachment":[{"href":"https:\/\/natation.ch\/it\/wp-json\/wp\/v2\/media?parent=9720"}],"wp:term":[{"taxonomy":"product_brand","embeddable":true,"href":"https:\/\/natation.ch\/it\/wp-json\/wp\/v2\/product_brand?post=9720"},{"taxonomy":"product_cat","embeddable":true,"href":"https:\/\/natation.ch\/it\/wp-json\/wp\/v2\/product_cat?post=9720"},{"taxonomy":"product_tag","embeddable":true,"href":"https:\/\/natation.ch\/it\/wp-json\/wp\/v2\/product_tag?post=9720"}],"curies":[{"name":"wp","href":"https:\/\/api.w.org\/{rel}","templated":true}]}}