{"id":9623,"date":"2025-11-22T14:49:55","date_gmt":"2025-11-22T14:49:55","guid":{"rendered":"https:\/\/natation.ch\/product\/tempo-trainer\/"},"modified":"2026-01-04T20:33:25","modified_gmt":"2026-01-04T20:33:25","slug":"tempo-trainer","status":"publish","type":"product","link":"https:\/\/natation.ch\/it\/prodotto\/tempo-trainer\/","title":{"rendered":"Tempo Trainer"},"content":{"rendered":"<div class=\"col-sm-6 fab-left-column\">\n<div class=\"fab-left\">\n<div class=\"col-sm-12\">\n<ul>\n<li>Emette un segnale acustico abbastanza forte da essere udito dentro e fuori dall&#8217;acqua<\/li>\n<li>Tempo regolabile di 1\/100 di secondo<\/li>\n<li>Le dimensioni ridotte e pratiche lo rendono facile da fissare sotto una cuffia o degli occhialini<\/li>\n<li>Testato per funzionare a una profondit\u00e0 di 10 metri<\/li>\n<li>La funzione di spegnimento automatico consente di risparmiare la durata della batteria<\/li>\n<\/ul>\n<\/div>\n<\/div>\n<\/div>\n","protected":false},"excerpt":{"rendered":"<p>Il piccolo dispositivo impermeabile si fissa facilmente sotto una cuffia e trasmette un segnale acustico di tempo. Il tempo regolabile offre la possibilit\u00e0 di identificare e mantenere un ritmo ideale. Ora con la possibilit\u00e0 di sostituire la batteria, il Tempo Trainer Pro durer\u00e0 per diverse vite. Tre diverse modalit\u00e0 di allenamento offrono la massima personalizzazione. Il Tempo Trainer Pro include una clip per l&#8217;esercizio a secco.<\/p>\n<p>Finis<\/p>\n","protected":false},"featured_media":319,"comment_status":"closed","ping_status":"closed","template":"","meta":[],"product_brand":[327],"product_cat":[82,74],"product_tag":[],"class_list":{"0":"post-9623","1":"product","2":"type-product","3":"status-publish","4":"has-post-thumbnail","6":"product_brand-finis","7":"product_cat-altre-attrezzature","8":"product_cat-attrezzatura","9":"product_shipping_class-petitarticle","11":"first","12":"instock","13":"shipping-taxable","14":"purchasable","15":"product-type-simple"},"_links":{"self":[{"href":"https:\/\/natation.ch\/it\/wp-json\/wp\/v2\/product\/9623","targetHints":{"allow":["GET"]}}],"collection":[{"href":"https:\/\/natation.ch\/it\/wp-json\/wp\/v2\/product"}],"about":[{"href":"https:\/\/natation.ch\/it\/wp-json\/wp\/v2\/types\/product"}],"replies":[{"embeddable":true,"href":"https:\/\/natation.ch\/it\/wp-json\/wp\/v2\/comments?post=9623"}],"wp:featuredmedia":[{"embeddable":true,"href":"https:\/\/natation.ch\/it\/wp-json\/wp\/v2\/media\/319"}],"wp:attachment":[{"href":"https:\/\/natation.ch\/it\/wp-json\/wp\/v2\/media?parent=9623"}],"wp:term":[{"taxonomy":"product_brand","embeddable":true,"href":"https:\/\/natation.ch\/it\/wp-json\/wp\/v2\/product_brand?post=9623"},{"taxonomy":"product_cat","embeddable":true,"href":"https:\/\/natation.ch\/it\/wp-json\/wp\/v2\/product_cat?post=9623"},{"taxonomy":"product_tag","embeddable":true,"href":"https:\/\/natation.ch\/it\/wp-json\/wp\/v2\/product_tag?post=9623"}],"curies":[{"name":"wp","href":"https:\/\/api.w.org\/{rel}","templated":true}]}}