{"id":9072,"date":"2025-11-22T14:49:53","date_gmt":"2025-11-22T14:49:53","guid":{"rendered":"https:\/\/natation.ch\/product\/tech-paddle\/"},"modified":"2026-01-06T15:30:11","modified_gmt":"2026-01-06T15:30:11","slug":"tech-paddle","status":"publish","type":"product","link":"https:\/\/natation.ch\/it\/prodotto\/tech-paddle\/","title":{"rendered":"Tech Paddle"},"content":{"rendered":"<p>Un ausilio tecnico per l&#8217;allenamento che aiuta a migliorare la bracciata e la tecnica. Presenta un design idrodinamico per un contatto ottimale con l&#8217;acqua, una forma aerodinamica unica per migliorare il movimento di sollevamento della mano e fori di flusso che migliorano la sensibilit\u00e0 acquatica.<\/p>\n<p>Queste palette tecniche sono disponibili in diverse dimensioni. Le palette pi\u00f9 grandi causano pi\u00f9 resistenza nell&#8217;acqua e si traducono in un allenamento a impatto pi\u00f9 elevato. Le palette pi\u00f9 piccole sono ideali per un uso frequente.<\/p>\n<ul>\n<li>Rafforza la tua bracciata e migliora la tua tecnica<\/li>\n<li>Design idrodinamico per un contatto ottimale con l&#8217;acqua<\/li>\n<li>Diversi punti di fissaggio possibili per esercizi tecnici speciali<\/li>\n<li>Per nuotatori di tutti i livelli che desiderano migliorare il proprio livello di forma fisica e la propria tecnica<\/li>\n<li>Forma aerodinamica unica per migliorare il movimento di sollevamento della mano<\/li>\n<li>Materiale in polipropilene leggero con cinturini in gomma siliconica<\/li>\n<\/ul>\n","protected":false},"excerpt":{"rendered":"<p>Un ausilio tecnico per l&#8217;allenamento che aiuta a migliorare la bracciata e la tecnica. Presenta un design idrodinamico per un contatto ottimale con l&#8217;acqua, una forma aerodinamica unica per migliorare il movimento di sollevamento della mano e fori di flusso che migliorano la sensibilit\u00e0 acquatica.<\/p>\n<p>Speedo<\/p>\n","protected":false},"featured_media":263,"comment_status":"closed","ping_status":"closed","template":"","meta":[],"product_brand":[330],"product_cat":[74,85],"product_tag":[],"class_list":{"0":"post-9072","1":"product","2":"type-product","3":"status-publish","4":"has-post-thumbnail","6":"product_brand-speedo","7":"product_cat-attrezzatura","8":"product_cat-paddle","10":"first","11":"instock","12":"featured","13":"shipping-taxable","14":"purchasable","15":"product-type-variable","16":"has-default-attributes"},"_links":{"self":[{"href":"https:\/\/natation.ch\/it\/wp-json\/wp\/v2\/product\/9072","targetHints":{"allow":["GET"]}}],"collection":[{"href":"https:\/\/natation.ch\/it\/wp-json\/wp\/v2\/product"}],"about":[{"href":"https:\/\/natation.ch\/it\/wp-json\/wp\/v2\/types\/product"}],"replies":[{"embeddable":true,"href":"https:\/\/natation.ch\/it\/wp-json\/wp\/v2\/comments?post=9072"}],"wp:featuredmedia":[{"embeddable":true,"href":"https:\/\/natation.ch\/it\/wp-json\/wp\/v2\/media\/263"}],"wp:attachment":[{"href":"https:\/\/natation.ch\/it\/wp-json\/wp\/v2\/media?parent=9072"}],"wp:term":[{"taxonomy":"product_brand","embeddable":true,"href":"https:\/\/natation.ch\/it\/wp-json\/wp\/v2\/product_brand?post=9072"},{"taxonomy":"product_cat","embeddable":true,"href":"https:\/\/natation.ch\/it\/wp-json\/wp\/v2\/product_cat?post=9072"},{"taxonomy":"product_tag","embeddable":true,"href":"https:\/\/natation.ch\/it\/wp-json\/wp\/v2\/product_tag?post=9072"}],"curies":[{"name":"wp","href":"https:\/\/api.w.org\/{rel}","templated":true}]}}