{"id":9022,"date":"2025-11-22T14:51:49","date_gmt":"2025-11-22T14:51:49","guid":{"rendered":"https:\/\/natation.ch\/product\/duo-mp3\/"},"modified":"2026-01-04T20:25:53","modified_gmt":"2026-01-04T20:25:53","slug":"duo-mp3","status":"publish","type":"product","link":"https:\/\/natation.ch\/it\/prodotto\/duo-mp3\/","title":{"rendered":"Duo MP3"},"content":{"rendered":"<p>TRASMISSIONE AUDIO A CONDUZIONE OSSEA: Suono incredibilmente nitido in acqua senza l&#8217;uso di auricolari; il suono \u00e8 pi\u00f9 chiaro quando si \u00e8 immersi in acqua<br \/>\nSUPPORTA I FORMATI AUDIO MP3 E WMA: Ascolta musica, audiolibri, podcast e altro; Compatibile con iTunes<br \/>\n4 GB DI MEMORIA: Memorizza circa fino a 1000 canzoni o 60 ore di riproduzione (Utenti Mac OS: si prega di svuotare il cestino del computer prima di collegare il Duo alla USB)<br \/>\nDESIGN A CLIP INTEGRATO: Fissa il dispositivo alle cinghie degli occhialini per appoggiarlo sugli zigomi per una vestibilit\u00e0 comoda ed essenziale<br \/>\nIMPERMEABILE IPX8: Fino a 3 metri e 30 minuti; Batteria ricaricabile agli ioni di litio con una durata massima di 7 ore (Se l&#8217;immersione a 3 metri o pi\u00f9 in profondit\u00e0 avviene per pi\u00f9 di 30 minuti, potrebbero verificarsi danni)<\/p>\n","protected":false},"excerpt":{"rendered":"<p>Duo\u2122 \u00e8 un lettore MP3 progettato per i nuotatori che offre la massima qualit\u00e0 del suono senza l&#8217;uso di auricolari. Duo\u2122 utilizza un design elegante in due pezzi e la trasmissione audio a conduzione ossea per fornire un audio cristallino attraverso gli zigomi all&#8217;orecchio interno. Un design a clip integrato fissa il Duo\u2122 alle cinghie degli occhialini per appoggiarlo sugli zigomi per una vestibilit\u00e0 comoda ed essenziale. Un&#8217;interfaccia semplificata offre quattro pulsanti per navigare facilmente tra musica, podcast, audiolibri e altri file audio supportati. Duo\u2122 supporta file MP3 e WMA non protetti. La base magnetica USB inclusa consente il trasferimento universale dei dati e la ricarica. Il dispositivo offre 4 GB di memoria flash e una batteria ricaricabile agli ioni di litio con una durata massima di 7 ore.<\/p>\n<p>Finis<\/p>\n","protected":false},"featured_media":596,"comment_status":"closed","ping_status":"closed","template":"","meta":[],"product_brand":[327],"product_cat":[59,67,339],"product_tag":[],"class_list":{"0":"post-9022","1":"product","2":"type-product","3":"status-publish","4":"has-post-thumbnail","6":"product_brand-finis","7":"product_cat-accessori","8":"product_cat-altri-accessori","9":"product_cat-sales","11":"first","12":"instock","13":"sale","14":"shipping-taxable","15":"purchasable","16":"product-type-simple"},"_links":{"self":[{"href":"https:\/\/natation.ch\/it\/wp-json\/wp\/v2\/product\/9022","targetHints":{"allow":["GET"]}}],"collection":[{"href":"https:\/\/natation.ch\/it\/wp-json\/wp\/v2\/product"}],"about":[{"href":"https:\/\/natation.ch\/it\/wp-json\/wp\/v2\/types\/product"}],"replies":[{"embeddable":true,"href":"https:\/\/natation.ch\/it\/wp-json\/wp\/v2\/comments?post=9022"}],"wp:featuredmedia":[{"embeddable":true,"href":"https:\/\/natation.ch\/it\/wp-json\/wp\/v2\/media\/596"}],"wp:attachment":[{"href":"https:\/\/natation.ch\/it\/wp-json\/wp\/v2\/media?parent=9022"}],"wp:term":[{"taxonomy":"product_brand","embeddable":true,"href":"https:\/\/natation.ch\/it\/wp-json\/wp\/v2\/product_brand?post=9022"},{"taxonomy":"product_cat","embeddable":true,"href":"https:\/\/natation.ch\/it\/wp-json\/wp\/v2\/product_cat?post=9022"},{"taxonomy":"product_tag","embeddable":true,"href":"https:\/\/natation.ch\/it\/wp-json\/wp\/v2\/product_tag?post=9022"}],"curies":[{"name":"wp","href":"https:\/\/api.w.org\/{rel}","templated":true}]}}