{"id":8704,"date":"2025-11-22T14:53:49","date_gmt":"2025-11-22T14:53:49","guid":{"rendered":"https:\/\/natation.ch\/product\/predator-flex-polarizzati-ultra\/"},"modified":"2026-01-06T15:50:27","modified_gmt":"2026-01-06T15:50:27","slug":"predator-flex-polarizzati-ultra","status":"publish","type":"product","link":"https:\/\/natation.ch\/it\/prodotto\/predator-flex-polarizzati-ultra\/","title":{"rendered":"Predator Flex polarizzati Ultra"},"content":{"rendered":"<p>Guarnizione esclusiva Advanced Ultra Fit\u2122, progettata per ridurre la pressione intorno all&#8217;orbita oculare per un comfort eccezionale.<\/p>\n<p>Le lenti polarizzate Ultra riducono il riverbero e il riflesso del sole, anche in condizioni di forte luminosit\u00e0.<\/p>\n<p>CLT\u2122 &#8211; La tecnologia delle lenti curve offre una visione periferica a 180 gradi.<\/p>\n<p>Lenti antiappannamento per assicurarti di nuotare chiaramente.<\/p>\n<p>Protezione UV per proteggere i tuoi occhi da alti livelli di luce e dai dannosi raggi UV da alti livelli di luce e dai dannosi raggi UV.<\/p>\n<p>3D Flexpoint per aumentare la flessibilit\u00e0 e adattarsi a ogni forma del viso.<\/p>\n<p>Cinturino sdoppiato per maggiore sicurezza.<\/p>\n<p>Design a regolazione rapida, per ottenere la vestibilit\u00e0 perfetta in modo rapido e semplice.<\/p>\n","protected":false},"excerpt":{"rendered":"<p>Occhialini Predator Flex Polarized Ultra.<\/p>\n<p>La gamma Predator Flex di occhialini da nuoto offre comfort e vestibilit\u00e0 senza pari, grazie all&#8217;uso di 4 flexpoint unici per una maggiore flessibilit\u00e0 della montatura e una vestibilit\u00e0 personalizzata.<\/p>\n<p>Zoggs<\/p>\n","protected":false},"featured_media":1084,"comment_status":"closed","ping_status":"closed","template":"","meta":[],"product_brand":[558],"product_cat":[74,77,339],"product_tag":[],"class_list":{"0":"post-8704","1":"product","2":"type-product","3":"status-publish","4":"has-post-thumbnail","6":"product_brand-zoggs","7":"product_cat-attrezzatura","8":"product_cat-occhialini","9":"product_cat-sales","11":"first","12":"instock","13":"sale","14":"shipping-taxable","15":"purchasable","16":"product-type-variable"},"_links":{"self":[{"href":"https:\/\/natation.ch\/it\/wp-json\/wp\/v2\/product\/8704","targetHints":{"allow":["GET"]}}],"collection":[{"href":"https:\/\/natation.ch\/it\/wp-json\/wp\/v2\/product"}],"about":[{"href":"https:\/\/natation.ch\/it\/wp-json\/wp\/v2\/types\/product"}],"replies":[{"embeddable":true,"href":"https:\/\/natation.ch\/it\/wp-json\/wp\/v2\/comments?post=8704"}],"wp:featuredmedia":[{"embeddable":true,"href":"https:\/\/natation.ch\/it\/wp-json\/wp\/v2\/media\/1084"}],"wp:attachment":[{"href":"https:\/\/natation.ch\/it\/wp-json\/wp\/v2\/media?parent=8704"}],"wp:term":[{"taxonomy":"product_brand","embeddable":true,"href":"https:\/\/natation.ch\/it\/wp-json\/wp\/v2\/product_brand?post=8704"},{"taxonomy":"product_cat","embeddable":true,"href":"https:\/\/natation.ch\/it\/wp-json\/wp\/v2\/product_cat?post=8704"},{"taxonomy":"product_tag","embeddable":true,"href":"https:\/\/natation.ch\/it\/wp-json\/wp\/v2\/product_tag?post=8704"}],"curies":[{"name":"wp","href":"https:\/\/api.w.org\/{rel}","templated":true}]}}