{"id":8503,"date":"2025-11-22T14:49:25","date_gmt":"2025-11-22T14:49:25","guid":{"rendered":"https:\/\/natation.ch\/product\/finger-paddle\/"},"modified":"2025-11-22T14:49:25","modified_gmt":"2025-11-22T14:49:25","slug":"finger-paddle","status":"publish","type":"product","link":"https:\/\/natation.ch\/it\/prodotto\/finger-paddle\/","title":{"rendered":"Finger Paddle"},"content":{"rendered":"<p>La Paletta per dita Biofuse ti permette di concentrarti e migliorare il posizionamento della mano in piscina, inclusa la fase di presa e la trazione del braccio. Permettendo alla superficie del palmo di rimanere esposta, offre una maggiore sensibilit\u00e0 all&#8217;acqua riducendo al contempo lo sforzo sulle spalle. Migliora la forza della parte superiore del corpo con la Paletta per dita Biofuse, poich\u00e9 crea la massima resistenza in acqua e maggiore resistenza significa pi\u00f9 potenza, pi\u00f9 forza corporea e un allenamento pi\u00f9 intenso.<\/p>\n","protected":false},"excerpt":{"rendered":"<p>Speedo<br \/>\nLa Paletta per dita Biofuse ti permette di concentrarti e migliorare il posizionamento della mano in piscina, inclusa la fase di presa e la trazione del braccio. Permettendo alla superficie del palmo di rimanere esposta, offre una maggiore sensibilit\u00e0 all&#8217;acqua riducendo al contempo lo sforzo sulle spalle. Migliora la forza della parte superiore del corpo con la Paletta per dita Biofuse, poich\u00e9 crea la massima resistenza in acqua e maggiore resistenza significa pi\u00f9 potenza, pi\u00f9 forza corporea e un allenamento pi\u00f9 intenso.<\/p>\n","protected":false},"featured_media":2495,"comment_status":"closed","ping_status":"closed","template":"","meta":[],"product_brand":[330],"product_cat":[74,85],"product_tag":[],"class_list":{"0":"post-8503","1":"product","2":"type-product","3":"status-publish","4":"has-post-thumbnail","6":"product_brand-speedo","7":"product_cat-attrezzatura","8":"product_cat-paddle","10":"first","11":"instock","12":"shipping-taxable","13":"purchasable","14":"product-type-simple"},"_links":{"self":[{"href":"https:\/\/natation.ch\/it\/wp-json\/wp\/v2\/product\/8503","targetHints":{"allow":["GET"]}}],"collection":[{"href":"https:\/\/natation.ch\/it\/wp-json\/wp\/v2\/product"}],"about":[{"href":"https:\/\/natation.ch\/it\/wp-json\/wp\/v2\/types\/product"}],"replies":[{"embeddable":true,"href":"https:\/\/natation.ch\/it\/wp-json\/wp\/v2\/comments?post=8503"}],"wp:featuredmedia":[{"embeddable":true,"href":"https:\/\/natation.ch\/it\/wp-json\/wp\/v2\/media\/2495"}],"wp:attachment":[{"href":"https:\/\/natation.ch\/it\/wp-json\/wp\/v2\/media?parent=8503"}],"wp:term":[{"taxonomy":"product_brand","embeddable":true,"href":"https:\/\/natation.ch\/it\/wp-json\/wp\/v2\/product_brand?post=8503"},{"taxonomy":"product_cat","embeddable":true,"href":"https:\/\/natation.ch\/it\/wp-json\/wp\/v2\/product_cat?post=8503"},{"taxonomy":"product_tag","embeddable":true,"href":"https:\/\/natation.ch\/it\/wp-json\/wp\/v2\/product_tag?post=8503"}],"curies":[{"name":"wp","href":"https:\/\/api.w.org\/{rel}","templated":true}]}}