{"id":8442,"date":"2025-11-22T14:51:50","date_gmt":"2025-11-22T14:51:50","guid":{"rendered":"https:\/\/natation.ch\/product\/cobra-ultra-swipe-mirror\/"},"modified":"2026-02-28T11:23:55","modified_gmt":"2026-02-28T11:23:55","slug":"cobra-ultra-swipe-mirror","status":"publish","type":"product","link":"https:\/\/natation.ch\/it\/prodotto\/cobra-ultra-swipe-mirror\/","title":{"rendered":"Cobra Ultra Swipe Mirror"},"content":{"rendered":"<p>70% policarbonato, 20% silicone, 8% elastomero termoplastico, 2% poliuretano<\/p>\n<p>Idrodinamica \/ vestibilit\u00e0 stabile<\/p>\n","protected":false},"excerpt":{"rendered":"<p>Il design Cobra offre la stessa incredibile idrodinamica e visione laterale estesa del Cobra Core in un design confortevole e aerodinamico. Dotato della tecnologia No Leak, No Fog, Max Comfort di arena, il Cobra Ultra offre un&#8217;impressionante visibilit\u00e0 frontale e velocit\u00e0 in un design aggressivo che utilizza una maggiore profondit\u00e0 della lente per un maggiore comfort e spazio per le ciglia.<\/p>\n<p>Arena<\/p>\n","protected":false},"featured_media":608,"comment_status":"closed","ping_status":"closed","template":"","meta":[],"product_brand":[329],"product_cat":[74,77],"product_tag":[],"class_list":{"0":"post-8442","1":"product","2":"type-product","3":"status-publish","4":"has-post-thumbnail","6":"product_brand-arena","7":"product_cat-attrezzatura","8":"product_cat-occhialini","10":"first","11":"instock","12":"sale","13":"shipping-taxable","14":"purchasable","15":"product-type-variable"},"_links":{"self":[{"href":"https:\/\/natation.ch\/it\/wp-json\/wp\/v2\/product\/8442","targetHints":{"allow":["GET"]}}],"collection":[{"href":"https:\/\/natation.ch\/it\/wp-json\/wp\/v2\/product"}],"about":[{"href":"https:\/\/natation.ch\/it\/wp-json\/wp\/v2\/types\/product"}],"replies":[{"embeddable":true,"href":"https:\/\/natation.ch\/it\/wp-json\/wp\/v2\/comments?post=8442"}],"wp:featuredmedia":[{"embeddable":true,"href":"https:\/\/natation.ch\/it\/wp-json\/wp\/v2\/media\/608"}],"wp:attachment":[{"href":"https:\/\/natation.ch\/it\/wp-json\/wp\/v2\/media?parent=8442"}],"wp:term":[{"taxonomy":"product_brand","embeddable":true,"href":"https:\/\/natation.ch\/it\/wp-json\/wp\/v2\/product_brand?post=8442"},{"taxonomy":"product_cat","embeddable":true,"href":"https:\/\/natation.ch\/it\/wp-json\/wp\/v2\/product_cat?post=8442"},{"taxonomy":"product_tag","embeddable":true,"href":"https:\/\/natation.ch\/it\/wp-json\/wp\/v2\/product_tag?post=8442"}],"curies":[{"name":"wp","href":"https:\/\/api.w.org\/{rel}","templated":true}]}}