{"id":8382,"date":"2025-11-22T14:54:19","date_gmt":"2025-11-22T14:54:19","guid":{"rendered":"https:\/\/natation.ch\/product\/predator-flex-titanium\/"},"modified":"2026-01-06T15:44:24","modified_gmt":"2026-01-06T15:44:24","slug":"predator-flex-titanium","status":"publish","type":"product","link":"https:\/\/natation.ch\/it\/prodotto\/predator-flex-titanium\/","title":{"rendered":"Predator Flex Titanium"},"content":{"rendered":"<p><span class=\"ng-binding\">Preparati a provare la nostra migliore vestibilit\u00e0 di sempre, con i nostri occhialini da nuoto Predator Flex Titanium. La gamma di occhialini da nuoto Predator Flex offre comfort e vestibilit\u00e0 ineguagliabili, grazie all&#8217;uso di 4 punti flessibili unici per una maggiore flessibilit\u00e0 della montatura e una vestibilit\u00e0 personalizzata.<br \/>\n<\/span><\/p>\n","protected":false},"excerpt":{"rendered":"<p>Misura standard<\/p>\n<p>Gli occhialini da nuoto Predator Flex Titanium sono la scelta ideale per il nuotatore in acque libere. La lente in titanio li rende ideali per condizioni di luce intensa, il che significa che puoi nuotare senza distrazioni luminose. Con una serie di funzionalit\u00e0 aggiuntive, come l&#8217;antifog impregnato nelle lenti curve, vedrai il traguardo con facilit\u00e0.<\/p>\n<p>Zoggs<\/p>\n","protected":false},"featured_media":1312,"comment_status":"closed","ping_status":"closed","template":"","meta":[],"product_brand":[558],"product_cat":[74,77],"product_tag":[],"class_list":{"0":"post-8382","1":"product","2":"type-product","3":"status-publish","4":"has-post-thumbnail","6":"product_brand-zoggs","7":"product_cat-attrezzatura","8":"product_cat-occhialini","10":"first","11":"instock","12":"sale","13":"shipping-taxable","14":"purchasable","15":"product-type-simple"},"_links":{"self":[{"href":"https:\/\/natation.ch\/it\/wp-json\/wp\/v2\/product\/8382","targetHints":{"allow":["GET"]}}],"collection":[{"href":"https:\/\/natation.ch\/it\/wp-json\/wp\/v2\/product"}],"about":[{"href":"https:\/\/natation.ch\/it\/wp-json\/wp\/v2\/types\/product"}],"replies":[{"embeddable":true,"href":"https:\/\/natation.ch\/it\/wp-json\/wp\/v2\/comments?post=8382"}],"wp:featuredmedia":[{"embeddable":true,"href":"https:\/\/natation.ch\/it\/wp-json\/wp\/v2\/media\/1312"}],"wp:attachment":[{"href":"https:\/\/natation.ch\/it\/wp-json\/wp\/v2\/media?parent=8382"}],"wp:term":[{"taxonomy":"product_brand","embeddable":true,"href":"https:\/\/natation.ch\/it\/wp-json\/wp\/v2\/product_brand?post=8382"},{"taxonomy":"product_cat","embeddable":true,"href":"https:\/\/natation.ch\/it\/wp-json\/wp\/v2\/product_cat?post=8382"},{"taxonomy":"product_tag","embeddable":true,"href":"https:\/\/natation.ch\/it\/wp-json\/wp\/v2\/product_tag?post=8382"}],"curies":[{"name":"wp","href":"https:\/\/api.w.org\/{rel}","templated":true}]}}