{"id":8329,"date":"2025-11-22T14:55:42","date_gmt":"2025-11-22T14:55:42","guid":{"rendered":"https:\/\/natation.ch\/product\/venom-hero-women-openback-tiffany-violet\/"},"modified":"2025-11-22T14:55:42","modified_gmt":"2025-11-22T14:55:42","slug":"venom-hero-women-openback-tiffany-violet","status":"publish","type":"product","link":"https:\/\/natation.ch\/it\/prodotto\/venom-hero-women-openback-tiffany-violet\/","title":{"rendered":"Venom Hero Women Openback Tiffany \/ Violet"},"content":{"rendered":"<p>V = velocity (velocit\u00e0) &#8211; il nostro primo obiettivo nella creazione di questo prodotto: creare il costume da gara pi\u00f9 performante di sempre; E = engineering (ingegneria) &#8211; il risultato del lavoro corale del nostro dipartimento di ricerca e sviluppo; N = new (nuovo) &#8211; nuovo nella sua categoria, nuovo nella sua tecnologia, nuovo nel suo design; O = original (originale) &#8211; originale di AKRON; M = manufacturing (produzione) &#8211; poich\u00e9 il 100% della nostra gamma da gara \u00e8 orgogliosamente prodotto in Italia. Approvazione FINA: approvato dalla FINA per le competizioni di nuoto nazionali e internazionali. I costumi da bagno approvati dalla FINA hanno un codice a barre FINA unico stampato sul costume, rendendolo facilmente identificabile agli ufficiali di gara di nuoto. VENOM, progettato per la velocit\u00e0, rappresenter\u00e0 la linea &#8220;Premium&#8221; di AKRON. La costruzione ergonomica a saldatura piatta aiuta a rigenerare pi\u00f9 rapidamente i gruppi muscolari chiave e raddoppia gli strati di compressione. Il design del nastro esterno \u00e8 inteso a migliorare la turbolenza idrodinamica, ridurre l&#8217;ingresso dell&#8217;acqua e sviluppare lo scivolamento. Il taping speculare a doppia C fornisce la sensazione di sollevare il bacino durante il nuoto e un&#8217;ampia gamma di movimento.<\/p>\n","protected":false},"excerpt":{"rendered":"<p>Dorso aperto<br \/>\nAkron<\/p>\n","protected":false},"featured_media":1517,"comment_status":"closed","ping_status":"closed","template":"","meta":[],"product_brand":[328],"product_cat":[101,95,339],"product_tag":[],"class_list":{"0":"post-8329","1":"product","2":"type-product","3":"status-publish","4":"has-post-thumbnail","6":"product_brand-akron","7":"product_cat-femminile","8":"product_cat-racing","9":"product_cat-sales","11":"first","12":"instock","13":"sale","14":"shipping-taxable","15":"purchasable","16":"product-type-variable"},"_links":{"self":[{"href":"https:\/\/natation.ch\/it\/wp-json\/wp\/v2\/product\/8329","targetHints":{"allow":["GET"]}}],"collection":[{"href":"https:\/\/natation.ch\/it\/wp-json\/wp\/v2\/product"}],"about":[{"href":"https:\/\/natation.ch\/it\/wp-json\/wp\/v2\/types\/product"}],"replies":[{"embeddable":true,"href":"https:\/\/natation.ch\/it\/wp-json\/wp\/v2\/comments?post=8329"}],"wp:featuredmedia":[{"embeddable":true,"href":"https:\/\/natation.ch\/it\/wp-json\/wp\/v2\/media\/1517"}],"wp:attachment":[{"href":"https:\/\/natation.ch\/it\/wp-json\/wp\/v2\/media?parent=8329"}],"wp:term":[{"taxonomy":"product_brand","embeddable":true,"href":"https:\/\/natation.ch\/it\/wp-json\/wp\/v2\/product_brand?post=8329"},{"taxonomy":"product_cat","embeddable":true,"href":"https:\/\/natation.ch\/it\/wp-json\/wp\/v2\/product_cat?post=8329"},{"taxonomy":"product_tag","embeddable":true,"href":"https:\/\/natation.ch\/it\/wp-json\/wp\/v2\/product_tag?post=8329"}],"curies":[{"name":"wp","href":"https:\/\/api.w.org\/{rel}","templated":true}]}}