{"id":8103,"date":"2025-11-22T14:49:25","date_gmt":"2025-11-22T14:49:25","guid":{"rendered":"https:\/\/natation.ch\/product\/neoprene-headband\/"},"modified":"2025-11-22T14:49:25","modified_gmt":"2025-11-22T14:49:25","slug":"neoprene-headband","status":"publish","type":"product","link":"https:\/\/natation.ch\/it\/prodotto\/neoprene-headband\/","title":{"rendered":"Neoprene Headband"},"content":{"rendered":"<p>Orca<br \/>\nLa nostra fascia per capelli in neoprene \u00e8 l&#8217;accessorio perfetto per proteggere orecchie e fronte dagli agenti atmosferici, cos\u00ec puoi stare al caldo pi\u00f9 a lungo. Realizzata in neoprene da 2,5 mm con un bordo curvo per coprire completamente le orecchie, una chiusura in velcro sul retro della fascia consente di regolarla per una vestibilit\u00e0 perfetta.<\/p>\n","protected":false},"excerpt":{"rendered":"<p>Orca La nostra fascia per capelli in neoprene \u00e8 l&#8217;accessorio perfetto per proteggere orecchie e fronte dagli agenti atmosferici, cos\u00ec puoi stare al caldo pi\u00f9 a lungo. Realizzata in neoprene da 2,5 mm con un bordo curvo per coprire completamente le orecchie, una chiusura in velcro sul retro della fascia consente di regolarla per una [&hellip;]<\/p>\n","protected":false},"featured_media":153,"comment_status":"closed","ping_status":"closed","template":"","meta":[],"product_brand":[331],"product_cat":[59,65],"product_tag":[],"class_list":{"0":"post-8103","1":"product","2":"type-product","3":"status-publish","4":"has-post-thumbnail","6":"product_brand-orca","7":"product_cat-accessori","8":"product_cat-cuffie","10":"first","11":"instock","12":"shipping-taxable","13":"purchasable","14":"product-type-simple"},"_links":{"self":[{"href":"https:\/\/natation.ch\/it\/wp-json\/wp\/v2\/product\/8103","targetHints":{"allow":["GET"]}}],"collection":[{"href":"https:\/\/natation.ch\/it\/wp-json\/wp\/v2\/product"}],"about":[{"href":"https:\/\/natation.ch\/it\/wp-json\/wp\/v2\/types\/product"}],"replies":[{"embeddable":true,"href":"https:\/\/natation.ch\/it\/wp-json\/wp\/v2\/comments?post=8103"}],"wp:featuredmedia":[{"embeddable":true,"href":"https:\/\/natation.ch\/it\/wp-json\/wp\/v2\/media\/153"}],"wp:attachment":[{"href":"https:\/\/natation.ch\/it\/wp-json\/wp\/v2\/media?parent=8103"}],"wp:term":[{"taxonomy":"product_brand","embeddable":true,"href":"https:\/\/natation.ch\/it\/wp-json\/wp\/v2\/product_brand?post=8103"},{"taxonomy":"product_cat","embeddable":true,"href":"https:\/\/natation.ch\/it\/wp-json\/wp\/v2\/product_cat?post=8103"},{"taxonomy":"product_tag","embeddable":true,"href":"https:\/\/natation.ch\/it\/wp-json\/wp\/v2\/product_tag?post=8103"}],"curies":[{"name":"wp","href":"https:\/\/api.w.org\/{rel}","templated":true}]}}