{"id":7492,"date":"2025-11-22T14:55:42","date_gmt":"2025-11-22T14:55:42","guid":{"rendered":"https:\/\/natation.ch\/product\/stability-snorkel\/"},"modified":"2026-01-02T20:01:41","modified_gmt":"2026-01-02T20:01:41","slug":"stability-snorkel","status":"publish","type":"product","link":"https:\/\/natation.ch\/it\/prodotto\/stability-snorkel\/","title":{"rendered":"Stability Snorkel"},"content":{"rendered":"<div id=\"product-details-features\" class=\"product-details-information-tab-content-container tb-container-col collapse in\" data-type=\"information-content-text\">\n<div class=\"product-details-information-tab-content-container-main\">\n<div class=\"fab-left\">\n<div class=\"col-sm-12\">\n<ul>\n<li><b>SENZA SUPPORTO PER LA TESTA:<\/b> Il design semplificato \u00e8 comodo e stabile<\/li>\n<li><b>BOCCAGLIO REGOLABILE:<\/b> Cinque posizioni regolabili per una vestibilit\u00e0 personalizzata<\/li>\n<li><b>FACILE DA REGOLARE:<\/b> Design del cinturino per la testa simile a quello di una maschera<\/li>\n<li><b>BOCCAGLIO IN SILICONE:<\/b> Ruota via dalla bocca quando non in uso<\/li>\n<li><b>FORMA DINAMICA:<\/b> Rende facile svuotare il tubo dall&#8217;acqua<\/li>\n<\/ul>\n<\/div>\n<\/div>\n<\/div>\n<\/div>\n","protected":false},"excerpt":{"rendered":"<p>Progettato per essere utilizzato da qualsiasi nuotatore. Rimuovendo il supporto per la testa e aggiungendo al suo posto un punto di appoggio imbottito, i nuotatori possono allenarsi con questo snorkel per periodi di tempo pi\u00f9 lunghi senza disagio. Nuotare con uno snorkel elimina la necessit\u00e0 di girare la testa per respirare, cos\u00ec i nuotatori possono concentrarsi sulla tecnica e sulla posizione del corpo.<\/p>\n<p>Finis<\/p>\n","protected":false},"featured_media":1501,"comment_status":"closed","ping_status":"closed","template":"","meta":[],"product_brand":[327],"product_cat":[74,90],"product_tag":[],"class_list":{"0":"post-7492","1":"product","2":"type-product","3":"status-publish","4":"has-post-thumbnail","6":"product_brand-finis","7":"product_cat-attrezzatura","8":"product_cat-snorkel","10":"first","11":"instock","12":"shipping-taxable","13":"purchasable","14":"product-type-variable"},"_links":{"self":[{"href":"https:\/\/natation.ch\/it\/wp-json\/wp\/v2\/product\/7492","targetHints":{"allow":["GET"]}}],"collection":[{"href":"https:\/\/natation.ch\/it\/wp-json\/wp\/v2\/product"}],"about":[{"href":"https:\/\/natation.ch\/it\/wp-json\/wp\/v2\/types\/product"}],"replies":[{"embeddable":true,"href":"https:\/\/natation.ch\/it\/wp-json\/wp\/v2\/comments?post=7492"}],"wp:featuredmedia":[{"embeddable":true,"href":"https:\/\/natation.ch\/it\/wp-json\/wp\/v2\/media\/1501"}],"wp:attachment":[{"href":"https:\/\/natation.ch\/it\/wp-json\/wp\/v2\/media?parent=7492"}],"wp:term":[{"taxonomy":"product_brand","embeddable":true,"href":"https:\/\/natation.ch\/it\/wp-json\/wp\/v2\/product_brand?post=7492"},{"taxonomy":"product_cat","embeddable":true,"href":"https:\/\/natation.ch\/it\/wp-json\/wp\/v2\/product_cat?post=7492"},{"taxonomy":"product_tag","embeddable":true,"href":"https:\/\/natation.ch\/it\/wp-json\/wp\/v2\/product_tag?post=7492"}],"curies":[{"name":"wp","href":"https:\/\/api.w.org\/{rel}","templated":true}]}}