{"id":10675,"date":"2026-02-11T16:03:27","date_gmt":"2026-02-11T16:03:27","guid":{"rendered":"https:\/\/natation.ch\/product\/stability-snorkel-jr\/"},"modified":"2026-02-11T16:03:27","modified_gmt":"2026-02-11T16:03:27","slug":"stability-snorkel-jr","status":"publish","type":"product","link":"https:\/\/natation.ch\/it\/prodotto\/stability-snorkel-jr\/","title":{"rendered":"Stability Snorkel Jr"},"content":{"rendered":"<div id=\"product-details-features\" class=\"product-details-information-tab-content-container tb-container-col collapse in\" data-type=\"information-content-text\">\n<div class=\"product-details-information-tab-content-container-main\">\n<div class=\"fab-left\">\n<div class=\"col-sm-12\">\n<ul>\n<li><b>TUBO PI\u00d9 CORTO:<\/b> Un tubo pi\u00f9 corto si adatta ai respiri pi\u00f9 brevi e meno profondi dei nuotatori pi\u00f9 giovani, permettendo loro di inspirare ed espirare naturalmente.<\/li>\n<li><b>SENZA SUPPORTO PER LA TESTA:<\/b> Il design semplificato \u00e8 comodo e stabile.<\/li>\n<li><b>BOCCAGLIO PICCOLO E COMODO:<\/b> Dimensioni adatte ai bambini pi\u00f9 piccoli, silicone di alta qualit\u00e0 per una vestibilit\u00e0 confortevole.<\/li>\n<li><b>AUMENTA LA SICUREZZA:<\/b> Nuotare con lo snorkel d\u00e0 la sicurezza necessaria per godersi il nuoto e la capacit\u00e0 di apprendere nuove abilit\u00e0.<\/li>\n<\/ul>\n<\/div>\n<\/div>\n<\/div>\n<\/div>\n","protected":false},"excerpt":{"rendered":"<p><span class=\"s1\">Lo Stability Snorkel Junior permette ai nuotatori pi\u00f9 giovani di imparare le tecniche che i nuotatori pi\u00f9 esperti apprendono da anni ed \u00e8 progettato specificamente per bambini dai 6 ai 10 anni. Nuotare con lo snorkel elimina la necessit\u00e0 di girare la testa per respirare, cos\u00ec il nuotatore pu\u00f2 concentrarsi sull&#8217;apprendimento della corretta posizione del corpo. Lo snorkel infonde inoltre sicurezza, permettendo di imparare nuove abilit\u00e0 e migliorare la tecnica generale.<\/span><\/p>\n<p>6-10 anni<\/p>\n<p>Finis<\/p>\n","protected":false},"featured_media":10656,"comment_status":"open","ping_status":"closed","template":"","meta":[],"product_brand":[327],"product_cat":[90],"product_tag":[],"class_list":{"0":"post-10675","1":"product","2":"type-product","3":"status-publish","4":"has-post-thumbnail","6":"product_brand-finis","7":"product_cat-snorkel","9":"first","10":"instock","11":"shipping-taxable","12":"purchasable","13":"product-type-variable"},"_links":{"self":[{"href":"https:\/\/natation.ch\/it\/wp-json\/wp\/v2\/product\/10675","targetHints":{"allow":["GET"]}}],"collection":[{"href":"https:\/\/natation.ch\/it\/wp-json\/wp\/v2\/product"}],"about":[{"href":"https:\/\/natation.ch\/it\/wp-json\/wp\/v2\/types\/product"}],"replies":[{"embeddable":true,"href":"https:\/\/natation.ch\/it\/wp-json\/wp\/v2\/comments?post=10675"}],"wp:featuredmedia":[{"embeddable":true,"href":"https:\/\/natation.ch\/it\/wp-json\/wp\/v2\/media\/10656"}],"wp:attachment":[{"href":"https:\/\/natation.ch\/it\/wp-json\/wp\/v2\/media?parent=10675"}],"wp:term":[{"taxonomy":"product_brand","embeddable":true,"href":"https:\/\/natation.ch\/it\/wp-json\/wp\/v2\/product_brand?post=10675"},{"taxonomy":"product_cat","embeddable":true,"href":"https:\/\/natation.ch\/it\/wp-json\/wp\/v2\/product_cat?post=10675"},{"taxonomy":"product_tag","embeddable":true,"href":"https:\/\/natation.ch\/it\/wp-json\/wp\/v2\/product_tag?post=10675"}],"curies":[{"name":"wp","href":"https:\/\/api.w.org\/{rel}","templated":true}]}}