{"id":10646,"date":"2026-02-11T14:14:41","date_gmt":"2026-02-11T14:14:41","guid":{"rendered":"https:\/\/natation.ch\/product\/foam-kickboard\/"},"modified":"2026-02-11T14:14:41","modified_gmt":"2026-02-11T14:14:41","slug":"foam-kickboard","status":"publish","type":"product","link":"https:\/\/natation.ch\/it\/prodotto\/foam-kickboard\/","title":{"rendered":"Foam Kickboard"},"content":{"rendered":"<div id=\"product-details-features\" class=\"product-details-information-tab-content-container tb-container-col collapse in\" data-type=\"information-content-text\">\n<div class=\"product-details-information-tab-content-container-main\">\n<div class=\"fab-left\">\n<div class=\"col-sm-12\">\n<ul>\n<li><b>ALLENAMENTO GAMBATE:<\/b> Immobilizza le braccia per potenziare i muscoli delle gambe e concentrarti sulla battuta<\/li>\n<li><b>MATERIALE CONFORTEVOLE:<\/b> La morbida schiuma EVA non sfrega, non irrita la pelle ed \u00e8 resistente<\/li>\n<li><b>DUE TAGLIE:<\/b> La taglia Jr \u00e8 progettata per ridurre lo sforzo sulle spalle ed \u00e8 ideale per giovani e nuotatori pi\u00f9 piccoli<\/li>\n<li><b>FORMA SEMPLICE:<\/b> Scivola facilmente nell&#8217;acqua ed \u00e8 facile da impugnare<\/li>\n<li><b>TAVOLETTA GALLEGGIANTE:<\/b> Mantiene le braccia e la parte superiore del corpo a galla per farti concentrare sulle gambe<\/li>\n<\/ul>\n<\/div>\n<\/div>\n<\/div>\n<\/div>\n","protected":false},"excerpt":{"rendered":"<p>La tavoletta in schiuma immobilizza le braccia per aiutare a sviluppare la forza delle gambe. Realizzata in schiuma EVA che non sfrega e non irrita la pelle. Disponibile nelle taglie Sr. e Jr.; la taglia Jr. \u00e8 progettata per ridurre lo sforzo sulle spalle ed \u00e8 ideale per giovani e nuotatori pi\u00f9 piccoli. <\/p>\n<p>Finis<\/p>\n","protected":false},"featured_media":10638,"comment_status":"open","ping_status":"closed","template":"","meta":[],"product_brand":[327],"product_cat":[80],"product_tag":[],"class_list":{"0":"post-10646","1":"product","2":"type-product","3":"status-publish","4":"has-post-thumbnail","6":"product_brand-finis","7":"product_cat-kickboard","9":"first","10":"instock","11":"shipping-taxable","12":"purchasable","13":"product-type-variable"},"_links":{"self":[{"href":"https:\/\/natation.ch\/it\/wp-json\/wp\/v2\/product\/10646","targetHints":{"allow":["GET"]}}],"collection":[{"href":"https:\/\/natation.ch\/it\/wp-json\/wp\/v2\/product"}],"about":[{"href":"https:\/\/natation.ch\/it\/wp-json\/wp\/v2\/types\/product"}],"replies":[{"embeddable":true,"href":"https:\/\/natation.ch\/it\/wp-json\/wp\/v2\/comments?post=10646"}],"wp:featuredmedia":[{"embeddable":true,"href":"https:\/\/natation.ch\/it\/wp-json\/wp\/v2\/media\/10638"}],"wp:attachment":[{"href":"https:\/\/natation.ch\/it\/wp-json\/wp\/v2\/media?parent=10646"}],"wp:term":[{"taxonomy":"product_brand","embeddable":true,"href":"https:\/\/natation.ch\/it\/wp-json\/wp\/v2\/product_brand?post=10646"},{"taxonomy":"product_cat","embeddable":true,"href":"https:\/\/natation.ch\/it\/wp-json\/wp\/v2\/product_cat?post=10646"},{"taxonomy":"product_tag","embeddable":true,"href":"https:\/\/natation.ch\/it\/wp-json\/wp\/v2\/product_tag?post=10646"}],"curies":[{"name":"wp","href":"https:\/\/api.w.org\/{rel}","templated":true}]}}