{"id":10423,"date":"2026-01-27T13:22:16","date_gmt":"2026-01-27T13:22:16","guid":{"rendered":"https:\/\/natation.ch\/product\/one-go-mesh-bag\/"},"modified":"2026-01-27T13:22:16","modified_gmt":"2026-01-27T13:22:16","slug":"one-go-mesh-bag","status":"publish","type":"product","link":"https:\/\/natation.ch\/it\/prodotto\/one-go-mesh-bag\/","title":{"rendered":"One Go Mesh Bag"},"content":{"rendered":"<ul>\n<li>Borsa a rete grande per attrezzatura da nuoto e allenamento. La struttura a rete permette all&#8217;acqua di defluire facilmente. <\/li>\n<li>Chiusura con fibbia sicura. Con pratica maniglia per il trasporto e per appenderla. Realizzata in materiale robusto e ad asciugatura rapida.  <\/li>\n<li>La pratica borsa pu\u00f2 essere portata a spalla o come uno zaino. Dimensioni: 65 cm x 55 cm x 1 cm, 40 litri <\/li>\n<li>Ideale per attrezzatura da allenamento, piscina e spiaggia.<\/li>\n<li>100% poliestere<\/li>\n<\/ul>\n","protected":false},"excerpt":{"rendered":"<p>La spaziosa borsa a rete arena One Go \u00e8 ideale per trasportare attrezzatura da allenamento o altri oggetti. Grazie alla sua struttura a rete, l&#8217;acqua pu\u00f2 defluire facilmente. La borsa pu\u00f2 anche essere indossata come uno zaino. Dotata di una pratica maniglia per appenderla nello spogliatoio o per fissarla a un&#8217;altra borsa. Realizzata in robusta rete di poliestere ad asciugatura rapida. Dimensioni: 65 cm x 55 cm x 1 cm, 40 litri     <\/p>\n","protected":false},"featured_media":10416,"comment_status":"open","ping_status":"closed","template":"","meta":[],"product_brand":[329],"product_cat":[61],"product_tag":[],"class_list":{"0":"post-10423","1":"product","2":"type-product","3":"status-publish","4":"has-post-thumbnail","6":"product_brand-arena","7":"product_cat-borse","9":"first","10":"instock","11":"shipping-taxable","12":"purchasable","13":"product-type-variable"},"_links":{"self":[{"href":"https:\/\/natation.ch\/it\/wp-json\/wp\/v2\/product\/10423","targetHints":{"allow":["GET"]}}],"collection":[{"href":"https:\/\/natation.ch\/it\/wp-json\/wp\/v2\/product"}],"about":[{"href":"https:\/\/natation.ch\/it\/wp-json\/wp\/v2\/types\/product"}],"replies":[{"embeddable":true,"href":"https:\/\/natation.ch\/it\/wp-json\/wp\/v2\/comments?post=10423"}],"wp:featuredmedia":[{"embeddable":true,"href":"https:\/\/natation.ch\/it\/wp-json\/wp\/v2\/media\/10416"}],"wp:attachment":[{"href":"https:\/\/natation.ch\/it\/wp-json\/wp\/v2\/media?parent=10423"}],"wp:term":[{"taxonomy":"product_brand","embeddable":true,"href":"https:\/\/natation.ch\/it\/wp-json\/wp\/v2\/product_brand?post=10423"},{"taxonomy":"product_cat","embeddable":true,"href":"https:\/\/natation.ch\/it\/wp-json\/wp\/v2\/product_cat?post=10423"},{"taxonomy":"product_tag","embeddable":true,"href":"https:\/\/natation.ch\/it\/wp-json\/wp\/v2\/product_tag?post=10423"}],"curies":[{"name":"wp","href":"https:\/\/api.w.org\/{rel}","templated":true}]}}