{"id":9975,"date":"2026-01-07T11:17:13","date_gmt":"2026-01-07T11:17:13","guid":{"rendered":"https:\/\/natation.ch\/product\/endura-max-titanium\/"},"modified":"2026-01-07T11:17:13","modified_gmt":"2026-01-07T11:17:13","slug":"endura-max-titanium","status":"publish","type":"product","link":"https:\/\/natation.ch\/fr\/produit\/endura-max-titanium\/","title":{"rendered":"Endura Max Titanium"},"content":{"rendered":"<p>Titanium&nbsp;: Id\u00e9al pour une forte luminosit\u00e9 et prot\u00e8ge vos yeux contre la lumi\u00e8re extr\u00eame du soleil.<\/p>\n<p>Technologie de lentilles incurv\u00e9es&nbsp;: CLT offre au nageur une vision p\u00e9riph\u00e9rique \u00e0 180&nbsp;degr\u00e9s et une clart\u00e9 cristalline. Id\u00e9al pour nager dans une foule ou avec d\u2019autres personnes dans votre couloir. <\/p>\n<p>Lentille antibu\u00e9e&nbsp;: Toutes les lentilles Zoggs offrent une protection UV et un antibu\u00e9e de s\u00e9rie.<\/p>\n<p>&nbsp;<\/p>\n","protected":false},"excerpt":{"rendered":"<p>Am\u00e9liorez vos performances avec les nouvelles lunettes de natation Zoggs Endura Titanium Max \u2013 repens\u00e9es pour plus de confort et de visibilit\u00e9. Lentilles incurv\u00e9es, joint en silicone souple et pont de nez r\u00e9glable pour une vision sans \u00e9blouissement. <\/p>\n<p>Zoggs<\/p>\n","protected":false},"featured_media":9972,"comment_status":"open","ping_status":"closed","template":"","meta":[],"product_brand":[558],"product_cat":[75],"product_tag":[],"class_list":{"0":"post-9975","1":"product","2":"type-product","3":"status-publish","4":"has-post-thumbnail","6":"product_brand-zoggs","7":"product_cat-unettes","9":"first","10":"instock","11":"shipping-taxable","12":"purchasable","13":"product-type-simple"},"_links":{"self":[{"href":"https:\/\/natation.ch\/fr\/wp-json\/wp\/v2\/product\/9975","targetHints":{"allow":["GET"]}}],"collection":[{"href":"https:\/\/natation.ch\/fr\/wp-json\/wp\/v2\/product"}],"about":[{"href":"https:\/\/natation.ch\/fr\/wp-json\/wp\/v2\/types\/product"}],"replies":[{"embeddable":true,"href":"https:\/\/natation.ch\/fr\/wp-json\/wp\/v2\/comments?post=9975"}],"wp:featuredmedia":[{"embeddable":true,"href":"https:\/\/natation.ch\/fr\/wp-json\/wp\/v2\/media\/9972"}],"wp:attachment":[{"href":"https:\/\/natation.ch\/fr\/wp-json\/wp\/v2\/media?parent=9975"}],"wp:term":[{"taxonomy":"product_brand","embeddable":true,"href":"https:\/\/natation.ch\/fr\/wp-json\/wp\/v2\/product_brand?post=9975"},{"taxonomy":"product_cat","embeddable":true,"href":"https:\/\/natation.ch\/fr\/wp-json\/wp\/v2\/product_cat?post=9975"},{"taxonomy":"product_tag","embeddable":true,"href":"https:\/\/natation.ch\/fr\/wp-json\/wp\/v2\/product_tag?post=9975"}],"curies":[{"name":"wp","href":"https:\/\/api.w.org\/{rel}","templated":true}]}}