{"id":9768,"date":"2025-11-22T14:49:26","date_gmt":"2025-11-22T14:49:26","guid":{"rendered":"https:\/\/natation.ch\/product\/sac-a-dos-etanche\/"},"modified":"2025-11-22T14:49:26","modified_gmt":"2025-11-22T14:49:26","slug":"sac-a-dos-etanche","status":"publish","type":"product","link":"https:\/\/natation.ch\/fr\/produit\/sac-a-dos-etanche\/","title":{"rendered":"Sac \u00e0 dos \u00e9tanche"},"content":{"rendered":"<p>Le sac \u00e0 dos \u00e9tanche est id\u00e9al pour garder vos affaires au sec pendant toute activit\u00e9. Gr\u00e2ce \u00e0 sa construction l\u00e9g\u00e8re et imperm\u00e9able, vous pouvez garder vos affaires au sec dans n&#8217;importe quel environnement. <\/p>\n","protected":false},"excerpt":{"rendered":"<p>Orca<br \/>\nLe nouveau sac \u00e0 dos urbain \u00e9tanche est id\u00e9al pour vos trajets quotidiens. Gr\u00e2ce \u00e0 son design urbain et moderne, vous pouvez transporter votre ordinateur portable et vos fournitures de bureau ainsi que vos v\u00eatements d&#8217;entra\u00eenement, afin que rien ne vous retienne pendant vos longues journ\u00e9es. <\/p>\n","protected":false},"featured_media":171,"comment_status":"closed","ping_status":"closed","template":"","meta":[],"product_brand":[331],"product_cat":[57,60],"product_tag":[],"class_list":{"0":"post-9768","1":"product","2":"type-product","3":"status-publish","4":"has-post-thumbnail","6":"product_brand-orca","7":"product_cat-accessoires","8":"product_cat-sacs","10":"first","11":"instock","12":"sale","13":"shipping-taxable","14":"purchasable","15":"product-type-simple"},"_links":{"self":[{"href":"https:\/\/natation.ch\/fr\/wp-json\/wp\/v2\/product\/9768","targetHints":{"allow":["GET"]}}],"collection":[{"href":"https:\/\/natation.ch\/fr\/wp-json\/wp\/v2\/product"}],"about":[{"href":"https:\/\/natation.ch\/fr\/wp-json\/wp\/v2\/types\/product"}],"replies":[{"embeddable":true,"href":"https:\/\/natation.ch\/fr\/wp-json\/wp\/v2\/comments?post=9768"}],"wp:featuredmedia":[{"embeddable":true,"href":"https:\/\/natation.ch\/fr\/wp-json\/wp\/v2\/media\/171"}],"wp:attachment":[{"href":"https:\/\/natation.ch\/fr\/wp-json\/wp\/v2\/media?parent=9768"}],"wp:term":[{"taxonomy":"product_brand","embeddable":true,"href":"https:\/\/natation.ch\/fr\/wp-json\/wp\/v2\/product_brand?post=9768"},{"taxonomy":"product_cat","embeddable":true,"href":"https:\/\/natation.ch\/fr\/wp-json\/wp\/v2\/product_cat?post=9768"},{"taxonomy":"product_tag","embeddable":true,"href":"https:\/\/natation.ch\/fr\/wp-json\/wp\/v2\/product_tag?post=9768"}],"curies":[{"name":"wp","href":"https:\/\/api.w.org\/{rel}","templated":true}]}}