{"id":9759,"date":"2025-11-22T14:49:53","date_gmt":"2025-11-22T14:49:53","guid":{"rendered":"https:\/\/natation.ch\/product\/snorkel\/"},"modified":"2025-11-22T14:49:53","modified_gmt":"2025-11-22T14:49:53","slug":"snorkel","status":"publish","type":"product","link":"https:\/\/natation.ch\/fr\/produit\/snorkel\/","title":{"rendered":"Snorkel"},"content":{"rendered":"<p>Le tuba Orca est un accessoire d&#8217;entra\u00eenement de base pour la natation. Il peut \u00eatre ajust\u00e9 pour un ajustement parfait afin que tu puisses te concentrer sur l&#8217;am\u00e9lioration de ta technique, tout en respirant continuellement sous l&#8217;eau. Tu peux expulser toute eau qui pourrait p\u00e9n\u00e9trer dans le tube en nageant gr\u00e2ce \u00e0 la valve de purge. Am\u00e9liore ta technique et tes performances dans l&#8217;eau.   <\/p>\n","protected":false},"excerpt":{"rendered":"<p>Le tuba Orca est un accessoire d&#8217;entra\u00eenement de base pour la natation. Il peut \u00eatre ajust\u00e9 pour un ajustement parfait afin que tu puisses te concentrer sur l&#8217;am\u00e9lioration de ta technique, tout en respirant continuellement sous l&#8217;eau. Tu peux expulser toute eau qui pourrait p\u00e9n\u00e9trer dans le tube en nageant gr\u00e2ce \u00e0 la valve de purge. Am\u00e9liore ta technique et tes performances dans l&#8217;eau.   <\/p>\n","protected":false},"featured_media":9756,"comment_status":"closed","ping_status":"closed","template":"","meta":[],"product_brand":[331],"product_cat":[72,92],"product_tag":[],"class_list":{"0":"post-9759","1":"product","2":"type-product","3":"status-publish","4":"has-post-thumbnail","6":"product_brand-orca","7":"product_cat-equipement","8":"product_cat-snorkel","10":"first","11":"instock","12":"shipping-taxable","13":"purchasable","14":"product-type-variable"},"_links":{"self":[{"href":"https:\/\/natation.ch\/fr\/wp-json\/wp\/v2\/product\/9759","targetHints":{"allow":["GET"]}}],"collection":[{"href":"https:\/\/natation.ch\/fr\/wp-json\/wp\/v2\/product"}],"about":[{"href":"https:\/\/natation.ch\/fr\/wp-json\/wp\/v2\/types\/product"}],"replies":[{"embeddable":true,"href":"https:\/\/natation.ch\/fr\/wp-json\/wp\/v2\/comments?post=9759"}],"wp:featuredmedia":[{"embeddable":true,"href":"https:\/\/natation.ch\/fr\/wp-json\/wp\/v2\/media\/9756"}],"wp:attachment":[{"href":"https:\/\/natation.ch\/fr\/wp-json\/wp\/v2\/media?parent=9759"}],"wp:term":[{"taxonomy":"product_brand","embeddable":true,"href":"https:\/\/natation.ch\/fr\/wp-json\/wp\/v2\/product_brand?post=9759"},{"taxonomy":"product_cat","embeddable":true,"href":"https:\/\/natation.ch\/fr\/wp-json\/wp\/v2\/product_cat?post=9759"},{"taxonomy":"product_tag","embeddable":true,"href":"https:\/\/natation.ch\/fr\/wp-json\/wp\/v2\/product_tag?post=9759"}],"curies":[{"name":"wp","href":"https:\/\/api.w.org\/{rel}","templated":true}]}}