{"id":9742,"date":"2025-11-22T14:49:53","date_gmt":"2025-11-22T14:49:53","guid":{"rendered":"https:\/\/natation.ch\/product\/killa-speed-goggle\/"},"modified":"2026-01-06T14:45:42","modified_gmt":"2026-01-06T14:45:42","slug":"killa-speed-goggle","status":"publish","type":"product","link":"https:\/\/natation.ch\/fr\/produit\/killa-speed-goggle\/","title":{"rendered":"Killa Speed Goggle"},"content":{"rendered":"<p>Si vous recherchez des lunettes ergonomiques, l\u00e9g\u00e8res et discr\u00e8tes pour un confort et une vitesse accrus dans l&#8217;eau pour la natation sur courte distance ou l&#8217;entra\u00eenement en piscine. Options de verres parfaites pour les conditions de forte lumi\u00e8re du soleil. Une gamme d&#8217;options de verres rend ces lunettes polyvalentes pour une gamme de conditions m\u00e9t\u00e9orologiques.  <\/p>\n","protected":false},"excerpt":{"rendered":"<p>Si vous recherchez des lunettes ergonomiques, l\u00e9g\u00e8res et discr\u00e8tes pour un confort et une vitesse accrus dans l&#8217;eau pour la natation sur courte distance ou l&#8217;entra\u00eenement en piscine. Options de verres parfaites pour les conditions de forte lumi\u00e8re du soleil. Une gamme d&#8217;options de verres rend ces lunettes polyvalentes pour une gamme de conditions m\u00e9t\u00e9orologiques.  <\/p>\n<p>Orca<\/p>\n","protected":false},"featured_media":245,"comment_status":"closed","ping_status":"closed","template":"","meta":[],"product_brand":[331],"product_cat":[72,75],"product_tag":[],"class_list":{"0":"post-9742","1":"product","2":"type-product","3":"status-publish","4":"has-post-thumbnail","6":"product_brand-orca","7":"product_cat-equipement","8":"product_cat-unettes","10":"first","11":"instock","12":"shipping-taxable","13":"purchasable","14":"product-type-variable"},"_links":{"self":[{"href":"https:\/\/natation.ch\/fr\/wp-json\/wp\/v2\/product\/9742","targetHints":{"allow":["GET"]}}],"collection":[{"href":"https:\/\/natation.ch\/fr\/wp-json\/wp\/v2\/product"}],"about":[{"href":"https:\/\/natation.ch\/fr\/wp-json\/wp\/v2\/types\/product"}],"replies":[{"embeddable":true,"href":"https:\/\/natation.ch\/fr\/wp-json\/wp\/v2\/comments?post=9742"}],"wp:featuredmedia":[{"embeddable":true,"href":"https:\/\/natation.ch\/fr\/wp-json\/wp\/v2\/media\/245"}],"wp:attachment":[{"href":"https:\/\/natation.ch\/fr\/wp-json\/wp\/v2\/media?parent=9742"}],"wp:term":[{"taxonomy":"product_brand","embeddable":true,"href":"https:\/\/natation.ch\/fr\/wp-json\/wp\/v2\/product_brand?post=9742"},{"taxonomy":"product_cat","embeddable":true,"href":"https:\/\/natation.ch\/fr\/wp-json\/wp\/v2\/product_cat?post=9742"},{"taxonomy":"product_tag","embeddable":true,"href":"https:\/\/natation.ch\/fr\/wp-json\/wp\/v2\/product_tag?post=9742"}],"curies":[{"name":"wp","href":"https:\/\/api.w.org\/{rel}","templated":true}]}}