{"id":9724,"date":"2025-11-22T14:49:26","date_gmt":"2025-11-22T14:49:26","guid":{"rendered":"https:\/\/natation.ch\/product\/masque-de-natation\/"},"modified":"2025-11-22T14:49:26","modified_gmt":"2025-11-22T14:49:26","slug":"masque-de-natation","status":"publish","type":"product","link":"https:\/\/natation.ch\/fr\/produit\/masque-de-natation\/","title":{"rendered":"Masque de natation"},"content":{"rendered":"<p>Le nouveau masque de natation Orca est une alternative confortable aux lunettes de natation classiques. Ce masque l\u00e9ger et r\u00e9sistant \u00e0 l&#8217;eau est dot\u00e9 de verres plus grands, qui offrent un champ de vision plus large. Il a \u00e9t\u00e9 con\u00e7u pour s&#8217;adapter parfaitement au nez et au visage, vous prot\u00e9geant ainsi des blessures lors des courses de triathlon. L&#8217;ajout de silicone et un ajustement simple emp\u00eachent les marques autour des yeux. Des lunettes pour un confort maximal et une vision plus large.    <\/p>\n","protected":false},"excerpt":{"rendered":"<p>Orca<\/p>\n<p>Le nouveau masque de natation Orca est une alternative confortable aux lunettes de natation classiques. Ce masque l\u00e9ger et r\u00e9sistant \u00e0 l&#8217;eau est dot\u00e9 de verres plus grands, qui offrent un champ de vision plus large. Il a \u00e9t\u00e9 con\u00e7u pour s&#8217;adapter parfaitement au nez et au visage, vous prot\u00e9geant ainsi des blessures lors des courses de triathlon. L&#8217;ajout de silicone et un ajustement simple emp\u00eachent les marques autour des yeux. Des lunettes pour un confort maximal et une vision plus large.    <\/p>\n","protected":false},"featured_media":175,"comment_status":"closed","ping_status":"closed","template":"","meta":[],"product_brand":[331],"product_cat":[72,75],"product_tag":[],"class_list":{"0":"post-9724","1":"product","2":"type-product","3":"status-publish","4":"has-post-thumbnail","6":"product_brand-orca","7":"product_cat-equipement","8":"product_cat-unettes","10":"first","11":"instock","12":"shipping-taxable","13":"purchasable","14":"product-type-simple"},"_links":{"self":[{"href":"https:\/\/natation.ch\/fr\/wp-json\/wp\/v2\/product\/9724","targetHints":{"allow":["GET"]}}],"collection":[{"href":"https:\/\/natation.ch\/fr\/wp-json\/wp\/v2\/product"}],"about":[{"href":"https:\/\/natation.ch\/fr\/wp-json\/wp\/v2\/types\/product"}],"replies":[{"embeddable":true,"href":"https:\/\/natation.ch\/fr\/wp-json\/wp\/v2\/comments?post=9724"}],"wp:featuredmedia":[{"embeddable":true,"href":"https:\/\/natation.ch\/fr\/wp-json\/wp\/v2\/media\/175"}],"wp:attachment":[{"href":"https:\/\/natation.ch\/fr\/wp-json\/wp\/v2\/media?parent=9724"}],"wp:term":[{"taxonomy":"product_brand","embeddable":true,"href":"https:\/\/natation.ch\/fr\/wp-json\/wp\/v2\/product_brand?post=9724"},{"taxonomy":"product_cat","embeddable":true,"href":"https:\/\/natation.ch\/fr\/wp-json\/wp\/v2\/product_cat?post=9724"},{"taxonomy":"product_tag","embeddable":true,"href":"https:\/\/natation.ch\/fr\/wp-json\/wp\/v2\/product_tag?post=9724"}],"curies":[{"name":"wp","href":"https:\/\/api.w.org\/{rel}","templated":true}]}}