{"id":9712,"date":"2025-11-22T14:49:54","date_gmt":"2025-11-22T14:49:54","guid":{"rendered":"https:\/\/natation.ch\/product\/bonnet-de-bain-en-neoprene\/"},"modified":"2025-11-22T14:49:54","modified_gmt":"2025-11-22T14:49:54","slug":"bonnet-de-bain-en-neoprene","status":"publish","type":"product","link":"https:\/\/natation.ch\/fr\/produit\/bonnet-de-bain-en-neoprene\/","title":{"rendered":"Bonnet de bain en n\u00e9opr\u00e8ne"},"content":{"rendered":"<p>Ce bonnet de bain est id\u00e9al pour r\u00e9duire la perte de chaleur au niveau de la t\u00eate et vous permettre de rester \u00e0 l&#8217;aise dans l&#8217;eau sans jugulaire. Le bonnet est maintenu en place par une sangle velcro \u00e0 l&#8217;arri\u00e8re, ce qui vous permet de l&#8217;ajuster pour un ajustement parfait sans aucune g\u00eane potentielle sous le menton. <\/p>\n","protected":false},"excerpt":{"rendered":"<p>Orca<\/p>\n<p>Ce bonnet de bain est id\u00e9al pour r\u00e9duire la perte de chaleur au niveau de la t\u00eate et vous permettre de rester \u00e0 l&#8217;aise dans l&#8217;eau sans jugulaire. Le bonnet est maintenu en place par une sangle velcro \u00e0 l&#8217;arri\u00e8re, ce qui vous permet de l&#8217;ajuster pour un ajustement parfait sans aucune g\u00eane potentielle sous le menton. <\/p>\n","protected":false},"featured_media":273,"comment_status":"closed","ping_status":"closed","template":"","meta":[],"product_brand":[331],"product_cat":[57,63],"product_tag":[],"class_list":{"0":"post-9712","1":"product","2":"type-product","3":"status-publish","4":"has-post-thumbnail","6":"product_brand-orca","7":"product_cat-accessoires","8":"product_cat-bonnets","9":"product_shipping_class-petitarticle","11":"first","12":"instock","13":"shipping-taxable","14":"purchasable","15":"product-type-variable"},"_links":{"self":[{"href":"https:\/\/natation.ch\/fr\/wp-json\/wp\/v2\/product\/9712","targetHints":{"allow":["GET"]}}],"collection":[{"href":"https:\/\/natation.ch\/fr\/wp-json\/wp\/v2\/product"}],"about":[{"href":"https:\/\/natation.ch\/fr\/wp-json\/wp\/v2\/types\/product"}],"replies":[{"embeddable":true,"href":"https:\/\/natation.ch\/fr\/wp-json\/wp\/v2\/comments?post=9712"}],"wp:featuredmedia":[{"embeddable":true,"href":"https:\/\/natation.ch\/fr\/wp-json\/wp\/v2\/media\/273"}],"wp:attachment":[{"href":"https:\/\/natation.ch\/fr\/wp-json\/wp\/v2\/media?parent=9712"}],"wp:term":[{"taxonomy":"product_brand","embeddable":true,"href":"https:\/\/natation.ch\/fr\/wp-json\/wp\/v2\/product_brand?post=9712"},{"taxonomy":"product_cat","embeddable":true,"href":"https:\/\/natation.ch\/fr\/wp-json\/wp\/v2\/product_cat?post=9712"},{"taxonomy":"product_tag","embeddable":true,"href":"https:\/\/natation.ch\/fr\/wp-json\/wp\/v2\/product_tag?post=9712"}],"curies":[{"name":"wp","href":"https:\/\/api.w.org\/{rel}","templated":true}]}}