{"id":9639,"date":"2025-11-22T14:49:54","date_gmt":"2025-11-22T14:49:54","guid":{"rendered":"https:\/\/natation.ch\/product\/short-en-neoprene\/"},"modified":"2025-11-22T14:49:54","modified_gmt":"2025-11-22T14:49:54","slug":"short-en-neoprene","status":"publish","type":"product","link":"https:\/\/natation.ch\/fr\/produit\/short-en-neoprene\/","title":{"rendered":"Short en n\u00e9opr\u00e8ne"},"content":{"rendered":"<div class=\"lista\">\n<p><strong>FLOTTABILIT\u00c9 ACCRUE<\/strong><\/p>\n<p>Ce short de 4 mm d&#8217;\u00e9paisseur est dot\u00e9 de panneaux Aerodome qui offrent au nageur 30 % de flottabilit\u00e9 suppl\u00e9mentaire.<\/p>\n<p><strong>SOUPLESSE<\/strong><\/p>\n<p>Les panneaux lat\u00e9raux offrent la souplesse n\u00e9cessaire pour faciliter la rotation et assurer une libert\u00e9 de mouvement.<\/p>\n<p><strong>CONFORT<\/strong><\/p>\n<p>La taille r\u00e9glable vous permet d&#8217;ajuster ce short pour un ajustement parfait.<\/p>\n<\/div>\n","protected":false},"excerpt":{"rendered":"<p>Orca<\/p>\n<p>Unisexe<\/p>\n<p>Gr\u00e2ce aux nouveaux panneaux Aerodome, le nouveau short en n\u00e9opr\u00e8ne offre encore plus de flottabilit\u00e9 que les versions pr\u00e9c\u00e9dentes. L&#8217;accessoire dont tu as besoin pour obtenir un bon positionnement dans l&#8217;eau et am\u00e9liorer ta technique de nage. <\/p>\n","protected":false},"featured_media":269,"comment_status":"closed","ping_status":"closed","template":"","meta":[],"product_brand":[331],"product_cat":[115,102],"product_tag":[],"class_list":{"0":"post-9639","1":"product","2":"type-product","3":"status-publish","4":"has-post-thumbnail","6":"product_brand-orca","7":"product_cat-hommes","8":"product_cat-maillots-de-bain","10":"first","11":"instock","12":"shipping-taxable","13":"purchasable","14":"product-type-variable"},"_links":{"self":[{"href":"https:\/\/natation.ch\/fr\/wp-json\/wp\/v2\/product\/9639","targetHints":{"allow":["GET"]}}],"collection":[{"href":"https:\/\/natation.ch\/fr\/wp-json\/wp\/v2\/product"}],"about":[{"href":"https:\/\/natation.ch\/fr\/wp-json\/wp\/v2\/types\/product"}],"replies":[{"embeddable":true,"href":"https:\/\/natation.ch\/fr\/wp-json\/wp\/v2\/comments?post=9639"}],"wp:featuredmedia":[{"embeddable":true,"href":"https:\/\/natation.ch\/fr\/wp-json\/wp\/v2\/media\/269"}],"wp:attachment":[{"href":"https:\/\/natation.ch\/fr\/wp-json\/wp\/v2\/media?parent=9639"}],"wp:term":[{"taxonomy":"product_brand","embeddable":true,"href":"https:\/\/natation.ch\/fr\/wp-json\/wp\/v2\/product_brand?post=9639"},{"taxonomy":"product_cat","embeddable":true,"href":"https:\/\/natation.ch\/fr\/wp-json\/wp\/v2\/product_cat?post=9639"},{"taxonomy":"product_tag","embeddable":true,"href":"https:\/\/natation.ch\/fr\/wp-json\/wp\/v2\/product_tag?post=9639"}],"curies":[{"name":"wp","href":"https:\/\/api.w.org\/{rel}","templated":true}]}}