{"id":9621,"date":"2025-11-22T14:49:55","date_gmt":"2025-11-22T14:49:55","guid":{"rendered":"https:\/\/natation.ch\/product\/tempo-trainer\/"},"modified":"2026-01-04T20:32:41","modified_gmt":"2026-01-04T20:32:41","slug":"tempo-trainer","status":"publish","type":"product","link":"https:\/\/natation.ch\/fr\/produit\/tempo-trainer\/","title":{"rendered":"Tempo Trainer"},"content":{"rendered":"<div class=\"col-sm-6 fab-left-column\">\n<div class=\"fab-left\">\n<div class=\"col-sm-12\">\n<ul>\n<li>\u00c9met un bip sonore suffisamment fort pour \u00eatre entendu dans et hors de l&#8217;eau<\/li>\n<li>Tempo r\u00e9glable au 1\/100 de seconde<\/li>\n<li>Sa petite taille pratique permet de le fixer facilement sous un bonnet de bain ou des lunettes de natation<\/li>\n<li>Test\u00e9 pour fonctionner jusqu&#8217;\u00e0 une profondeur de 10 m\u00e8tres<\/li>\n<li>La fonction d&#8217;arr\u00eat automatique \u00e9conomise la batterie<\/li>\n<\/ul>\n<\/div>\n<\/div>\n<\/div>\n","protected":false},"excerpt":{"rendered":"<p>Ce petit appareil \u00e9tanche se fixe facilement sous un bonnet de bain et transmet un bip de tempo audible. Le tempo r\u00e9glable offre la possibilit\u00e9 d&#8217;identifier et de maintenir une cadence id\u00e9ale. D\u00e9sormais dot\u00e9 d&#8217;une option de remplacement de la pile, le Tempo Trainer Pro durera plusieurs vies. Trois modes d&#8217;entra\u00eenement diff\u00e9rents offrent une personnalisation ultime. Le Tempo Trainer Pro comprend un clip pour les exercices hors de l&#8217;eau.<\/p>\n<p>Finis<\/p>\n","protected":false},"featured_media":317,"comment_status":"closed","ping_status":"closed","template":"","meta":[],"product_brand":[327],"product_cat":[81,72],"product_tag":[],"class_list":{"0":"post-9621","1":"product","2":"type-product","3":"status-publish","4":"has-post-thumbnail","6":"product_brand-finis","7":"product_cat-autre-equipement","8":"product_cat-equipement","9":"product_shipping_class-petitarticle","11":"first","12":"instock","13":"shipping-taxable","14":"purchasable","15":"product-type-simple"},"_links":{"self":[{"href":"https:\/\/natation.ch\/fr\/wp-json\/wp\/v2\/product\/9621","targetHints":{"allow":["GET"]}}],"collection":[{"href":"https:\/\/natation.ch\/fr\/wp-json\/wp\/v2\/product"}],"about":[{"href":"https:\/\/natation.ch\/fr\/wp-json\/wp\/v2\/types\/product"}],"replies":[{"embeddable":true,"href":"https:\/\/natation.ch\/fr\/wp-json\/wp\/v2\/comments?post=9621"}],"wp:featuredmedia":[{"embeddable":true,"href":"https:\/\/natation.ch\/fr\/wp-json\/wp\/v2\/media\/317"}],"wp:attachment":[{"href":"https:\/\/natation.ch\/fr\/wp-json\/wp\/v2\/media?parent=9621"}],"wp:term":[{"taxonomy":"product_brand","embeddable":true,"href":"https:\/\/natation.ch\/fr\/wp-json\/wp\/v2\/product_brand?post=9621"},{"taxonomy":"product_cat","embeddable":true,"href":"https:\/\/natation.ch\/fr\/wp-json\/wp\/v2\/product_cat?post=9621"},{"taxonomy":"product_tag","embeddable":true,"href":"https:\/\/natation.ch\/fr\/wp-json\/wp\/v2\/product_tag?post=9621"}],"curies":[{"name":"wp","href":"https:\/\/api.w.org\/{rel}","templated":true}]}}