{"id":9477,"date":"2025-11-22T14:49:55","date_gmt":"2025-11-22T14:49:55","guid":{"rendered":"https:\/\/natation.ch\/product\/powerfin\/"},"modified":"2025-11-22T14:49:55","modified_gmt":"2025-11-22T14:49:55","slug":"powerfin","status":"publish","type":"product","link":"https:\/\/natation.ch\/fr\/produit\/powerfin\/","title":{"rendered":"Powerfin"},"content":{"rendered":"<p>Palmes d&#8217;entra\u00eenement pour nageurs Ces palmes courtes permettent une bonne coordination bras-jambes.<\/p>\n<p>Vous pouvez \u00e9galement atteindre une vitesse plus \u00e9lev\u00e9e et d\u00e9couvrir les diff\u00e9rentes positions \u00e0 vitesse maximale. La forme de fl\u00e8che assure une position correcte des pieds.<\/p>\n<p>En plus de la natation, ces palmes sont \u00e9galement recommand\u00e9es pour la plong\u00e9e avec tuba.<\/p>\n","protected":false},"excerpt":{"rendered":"<p>Arena<\/p>\n<p>Palmes d&#8217;entra\u00eenement pour nageurs. Ces palmes courtes permettent une bonne coordination bras-jambes.<\/p>\n<p>Vous pouvez \u00e9galement atteindre une vitesse plus \u00e9lev\u00e9e et d\u00e9couvrir les diff\u00e9rentes positions \u00e0 vitesse maximale. La forme de fl\u00e8che assure une position correcte des pieds.<\/p>\n<p>En plus de la natation, ces palmes sont \u00e9galement recommand\u00e9es pour la plong\u00e9e avec tuba.<\/p>\n","protected":false},"featured_media":313,"comment_status":"closed","ping_status":"closed","template":"","meta":[],"product_brand":[329],"product_cat":[72,333],"product_tag":[],"class_list":{"0":"post-9477","1":"product","2":"type-product","3":"status-publish","4":"has-post-thumbnail","6":"product_brand-arena","7":"product_cat-equipement","8":"product_cat-palmes","10":"first","11":"instock","12":"shipping-taxable","13":"purchasable","14":"product-type-variable"},"_links":{"self":[{"href":"https:\/\/natation.ch\/fr\/wp-json\/wp\/v2\/product\/9477","targetHints":{"allow":["GET"]}}],"collection":[{"href":"https:\/\/natation.ch\/fr\/wp-json\/wp\/v2\/product"}],"about":[{"href":"https:\/\/natation.ch\/fr\/wp-json\/wp\/v2\/types\/product"}],"replies":[{"embeddable":true,"href":"https:\/\/natation.ch\/fr\/wp-json\/wp\/v2\/comments?post=9477"}],"wp:featuredmedia":[{"embeddable":true,"href":"https:\/\/natation.ch\/fr\/wp-json\/wp\/v2\/media\/313"}],"wp:attachment":[{"href":"https:\/\/natation.ch\/fr\/wp-json\/wp\/v2\/media?parent=9477"}],"wp:term":[{"taxonomy":"product_brand","embeddable":true,"href":"https:\/\/natation.ch\/fr\/wp-json\/wp\/v2\/product_brand?post=9477"},{"taxonomy":"product_cat","embeddable":true,"href":"https:\/\/natation.ch\/fr\/wp-json\/wp\/v2\/product_cat?post=9477"},{"taxonomy":"product_tag","embeddable":true,"href":"https:\/\/natation.ch\/fr\/wp-json\/wp\/v2\/product_tag?post=9477"}],"curies":[{"name":"wp","href":"https:\/\/api.w.org\/{rel}","templated":true}]}}