{"id":9467,"date":"2025-11-22T14:50:15","date_gmt":"2025-11-22T14:50:15","guid":{"rendered":"https:\/\/natation.ch\/product\/masque-biofuse-junior\/"},"modified":"2025-12-25T21:26:24","modified_gmt":"2025-12-25T21:26:24","slug":"masque-biofuse-junior","status":"publish","type":"product","link":"https:\/\/natation.ch\/fr\/produit\/masque-biofuse-junior\/","title":{"rendered":"Masque Biofuse junior"},"content":{"rendered":"<p>Ce masque pour enfants est id\u00e9al pour s&#8217;habituer \u00e0 porter des lunettes de natation et est tr\u00e8s appr\u00e9ci\u00e9 des mamans. Les sangles souples et la fermeture velcro le rendent facile \u00e0 mettre et \u00e0 enlever. Le masque est confortable et facile \u00e0 ajuster, ce qui permet aux tout-petits de se concentrer sur le plaisir de l&#8217;eau.  <\/p>\n","protected":false},"excerpt":{"rendered":"<p>Speedo<\/p>\n<p>2-6 ans<\/p>\n","protected":false},"featured_media":9464,"comment_status":"closed","ping_status":"closed","template":"","meta":[],"product_brand":[330],"product_cat":[72,75],"product_tag":[],"class_list":{"0":"post-9467","1":"product","2":"type-product","3":"status-publish","4":"has-post-thumbnail","6":"product_brand-speedo","7":"product_cat-equipement","8":"product_cat-unettes","10":"first","11":"instock","12":"shipping-taxable","13":"purchasable","14":"product-type-variable"},"_links":{"self":[{"href":"https:\/\/natation.ch\/fr\/wp-json\/wp\/v2\/product\/9467","targetHints":{"allow":["GET"]}}],"collection":[{"href":"https:\/\/natation.ch\/fr\/wp-json\/wp\/v2\/product"}],"about":[{"href":"https:\/\/natation.ch\/fr\/wp-json\/wp\/v2\/types\/product"}],"replies":[{"embeddable":true,"href":"https:\/\/natation.ch\/fr\/wp-json\/wp\/v2\/comments?post=9467"}],"wp:featuredmedia":[{"embeddable":true,"href":"https:\/\/natation.ch\/fr\/wp-json\/wp\/v2\/media\/9464"}],"wp:attachment":[{"href":"https:\/\/natation.ch\/fr\/wp-json\/wp\/v2\/media?parent=9467"}],"wp:term":[{"taxonomy":"product_brand","embeddable":true,"href":"https:\/\/natation.ch\/fr\/wp-json\/wp\/v2\/product_brand?post=9467"},{"taxonomy":"product_cat","embeddable":true,"href":"https:\/\/natation.ch\/fr\/wp-json\/wp\/v2\/product_cat?post=9467"},{"taxonomy":"product_tag","embeddable":true,"href":"https:\/\/natation.ch\/fr\/wp-json\/wp\/v2\/product_tag?post=9467"}],"curies":[{"name":"wp","href":"https:\/\/api.w.org\/{rel}","templated":true}]}}