{"id":9236,"date":"2025-11-22T14:49:53","date_gmt":"2025-11-22T14:49:53","guid":{"rendered":"https:\/\/natation.ch\/product\/sangle-de-cheville-pour-traction\/"},"modified":"2026-01-04T20:34:33","modified_gmt":"2026-01-04T20:34:33","slug":"sangle-de-cheville-pour-traction","status":"publish","type":"product","link":"https:\/\/natation.ch\/fr\/produit\/sangle-de-cheville-pour-traction\/","title":{"rendered":"Sangle de cheville pour traction"},"content":{"rendered":"<p>La sangle de cheville pour traction est une sangle en caoutchouc qui se porte autour des chevilles pour \u00e9liminer les battements de pieds. Id\u00e9alement utilis\u00e9e avec la bou\u00e9e de traction en mousse, la sangle de cheville pour traction maintient les chevilles ensemble, d\u00e9pla\u00e7ant l&#8217;attention sur le d\u00e9veloppement de la force du haut du corps. La sangle de cheville pour traction est disponible en une seule taille universelle qui convient \u00e0 toutes les chevilles.<\/p>\n","protected":false},"excerpt":{"rendered":"<p>La sangle de cheville pour traction est une sangle en caoutchouc qui se porte autour des chevilles pour \u00e9liminer les battements de pieds. Id\u00e9alement utilis\u00e9e avec la bou\u00e9e de traction en mousse, la sangle de cheville pour traction maintient les chevilles ensemble, d\u00e9pla\u00e7ant l&#8217;attention sur le d\u00e9veloppement de la force du haut du corps. La sangle de cheville pour traction est disponible en une seule taille universelle qui convient \u00e0 toutes les chevilles.<\/p>\n<p>Finis<\/p>\n","protected":false},"featured_media":249,"comment_status":"closed","ping_status":"closed","template":"","meta":[],"product_brand":[327],"product_cat":[81,72],"product_tag":[],"class_list":{"0":"post-9236","1":"product","2":"type-product","3":"status-publish","4":"has-post-thumbnail","6":"product_brand-finis","7":"product_cat-autre-equipement","8":"product_cat-equipement","9":"product_shipping_class-petitarticle","11":"first","12":"instock","13":"shipping-taxable","14":"purchasable","15":"product-type-simple"},"_links":{"self":[{"href":"https:\/\/natation.ch\/fr\/wp-json\/wp\/v2\/product\/9236","targetHints":{"allow":["GET"]}}],"collection":[{"href":"https:\/\/natation.ch\/fr\/wp-json\/wp\/v2\/product"}],"about":[{"href":"https:\/\/natation.ch\/fr\/wp-json\/wp\/v2\/types\/product"}],"replies":[{"embeddable":true,"href":"https:\/\/natation.ch\/fr\/wp-json\/wp\/v2\/comments?post=9236"}],"wp:featuredmedia":[{"embeddable":true,"href":"https:\/\/natation.ch\/fr\/wp-json\/wp\/v2\/media\/249"}],"wp:attachment":[{"href":"https:\/\/natation.ch\/fr\/wp-json\/wp\/v2\/media?parent=9236"}],"wp:term":[{"taxonomy":"product_brand","embeddable":true,"href":"https:\/\/natation.ch\/fr\/wp-json\/wp\/v2\/product_brand?post=9236"},{"taxonomy":"product_cat","embeddable":true,"href":"https:\/\/natation.ch\/fr\/wp-json\/wp\/v2\/product_cat?post=9236"},{"taxonomy":"product_tag","embeddable":true,"href":"https:\/\/natation.ch\/fr\/wp-json\/wp\/v2\/product_tag?post=9236"}],"curies":[{"name":"wp","href":"https:\/\/api.w.org\/{rel}","templated":true}]}}