{"id":9218,"date":"2025-11-22T14:50:16","date_gmt":"2025-11-22T14:50:16","guid":{"rendered":"https:\/\/natation.ch\/product\/zoomers-gold\/"},"modified":"2026-01-04T20:29:16","modified_gmt":"2026-01-04T20:29:16","slug":"zoomers-gold","status":"publish","type":"product","link":"https:\/\/natation.ch\/fr\/produit\/zoomers-gold\/","title":{"rendered":"Zoomers Gold"},"content":{"rendered":"<div class=\"col-sm-6 fab-left-column\">\n<div class=\"fab-left\">\n<div class=\"col-sm-12\">\n<ul>\n<li>La voilure s\u2019aligne sur l\u2019angle naturel du pied, favorisant un coup de pied correct<\/li>\n<li>Id\u00e9al pour les nageurs de fitness et de comp\u00e9tition afin de d\u00e9velopper l\u2019endurance cardiovasculaire<\/li>\n<li>Augmente la flexibilit\u00e9 et l\u2019amplitude des mouvements pour un coup de pied plus efficace<\/li>\n<li>Favorise des coups de pied plus courts et plus rapides tout en g\u00e9n\u00e9rant une propulsion dans l\u2019eau<\/li>\n<li>Formul\u00e9 avec du caoutchouc naturel souple pour plus de confort et un ajustement s\u00fbr<\/li>\n<\/ul>\n<\/div>\n<\/div>\n<\/div>\n","protected":false},"excerpt":{"rendered":"<div id=\"item-details-content-container-2\" class=\"col-sm-6 product-details-right\">\n<p class=\"p1\">Les palmes Zoomers\u00ae Gold offrent un chausson am\u00e9lior\u00e9 formul\u00e9 \u00e0 partir de caoutchouc naturel souple pour plus de confort. La voilure courte encourage des coups de pied plus courts et plus rapides pour une propulsion suppl\u00e9mentaire dans l\u2019eau. Les palmes Zoomers\u00ae Gold sont une palme d\u2019entra\u00eenement id\u00e9ale pour l\u2019endurance cardiovasculaire et l\u2019entra\u00eenement \u00e0 la vitesse.<\/p>\n<p>Finis<\/p>\n<\/div>\n","protected":false},"featured_media":412,"comment_status":"closed","ping_status":"closed","template":"","meta":[],"product_brand":[327],"product_cat":[72,333],"product_tag":[],"class_list":{"0":"post-9218","1":"product","2":"type-product","3":"status-publish","4":"has-post-thumbnail","6":"product_brand-finis","7":"product_cat-equipement","8":"product_cat-palmes","10":"first","11":"instock","12":"shipping-taxable","13":"purchasable","14":"product-type-variable"},"_links":{"self":[{"href":"https:\/\/natation.ch\/fr\/wp-json\/wp\/v2\/product\/9218","targetHints":{"allow":["GET"]}}],"collection":[{"href":"https:\/\/natation.ch\/fr\/wp-json\/wp\/v2\/product"}],"about":[{"href":"https:\/\/natation.ch\/fr\/wp-json\/wp\/v2\/types\/product"}],"replies":[{"embeddable":true,"href":"https:\/\/natation.ch\/fr\/wp-json\/wp\/v2\/comments?post=9218"}],"wp:featuredmedia":[{"embeddable":true,"href":"https:\/\/natation.ch\/fr\/wp-json\/wp\/v2\/media\/412"}],"wp:attachment":[{"href":"https:\/\/natation.ch\/fr\/wp-json\/wp\/v2\/media?parent=9218"}],"wp:term":[{"taxonomy":"product_brand","embeddable":true,"href":"https:\/\/natation.ch\/fr\/wp-json\/wp\/v2\/product_brand?post=9218"},{"taxonomy":"product_cat","embeddable":true,"href":"https:\/\/natation.ch\/fr\/wp-json\/wp\/v2\/product_cat?post=9218"},{"taxonomy":"product_tag","embeddable":true,"href":"https:\/\/natation.ch\/fr\/wp-json\/wp\/v2\/product_tag?post=9218"}],"curies":[{"name":"wp","href":"https:\/\/api.w.org\/{rel}","templated":true}]}}