{"id":9157,"date":"2025-11-22T14:50:16","date_gmt":"2025-11-22T14:50:16","guid":{"rendered":"https:\/\/natation.ch\/product\/bonnet-de-bain-cheveux-longs\/"},"modified":"2026-01-06T15:27:57","modified_gmt":"2026-01-06T15:27:57","slug":"bonnet-de-bain-cheveux-longs","status":"publish","type":"product","link":"https:\/\/natation.ch\/fr\/produit\/bonnet-de-bain-cheveux-longs\/","title":{"rendered":"Bonnet de bain cheveux longs"},"content":{"rendered":"<p>&#8216;<br \/>\nId\u00e9al pour les cheveux mi-longs \u00e0 longs<br \/>\nOffre un confort et un ajustement sup\u00e9rieurs<br \/>\nHydrodynamique\u00a0: le bonnet aide \u00e0 cr\u00e9er un profil lisse dans l\u2019eau et \u00e0 r\u00e9duire la r\u00e9sistance<br \/>\nProt\u00e8ge les cheveux contre le chlore<\/p>\n","protected":false},"excerpt":{"rendered":"<p>Le bonnet pour cheveux longs a \u00e9t\u00e9 sp\u00e9cialement con\u00e7u pour les nageurs avec des cheveux plus longs. Il est facile \u00e0 mettre et \u00e0 enlever sans accrocher vos cheveux et aidera \u00e0 prot\u00e9ger vos cheveux du chlore.<\/p>\n<p>Speedo<\/p>\n","protected":false},"featured_media":375,"comment_status":"closed","ping_status":"closed","template":"","meta":[],"product_brand":[330],"product_cat":[57,63],"product_tag":[],"class_list":{"0":"post-9157","1":"product","2":"type-product","3":"status-publish","4":"has-post-thumbnail","6":"product_brand-speedo","7":"product_cat-accessoires","8":"product_cat-bonnets","9":"product_shipping_class-petitarticle","11":"first","12":"instock","13":"shipping-taxable","14":"purchasable","15":"product-type-variable"},"_links":{"self":[{"href":"https:\/\/natation.ch\/fr\/wp-json\/wp\/v2\/product\/9157","targetHints":{"allow":["GET"]}}],"collection":[{"href":"https:\/\/natation.ch\/fr\/wp-json\/wp\/v2\/product"}],"about":[{"href":"https:\/\/natation.ch\/fr\/wp-json\/wp\/v2\/types\/product"}],"replies":[{"embeddable":true,"href":"https:\/\/natation.ch\/fr\/wp-json\/wp\/v2\/comments?post=9157"}],"wp:featuredmedia":[{"embeddable":true,"href":"https:\/\/natation.ch\/fr\/wp-json\/wp\/v2\/media\/375"}],"wp:attachment":[{"href":"https:\/\/natation.ch\/fr\/wp-json\/wp\/v2\/media?parent=9157"}],"wp:term":[{"taxonomy":"product_brand","embeddable":true,"href":"https:\/\/natation.ch\/fr\/wp-json\/wp\/v2\/product_brand?post=9157"},{"taxonomy":"product_cat","embeddable":true,"href":"https:\/\/natation.ch\/fr\/wp-json\/wp\/v2\/product_cat?post=9157"},{"taxonomy":"product_tag","embeddable":true,"href":"https:\/\/natation.ch\/fr\/wp-json\/wp\/v2\/product_tag?post=9157"}],"curies":[{"name":"wp","href":"https:\/\/api.w.org\/{rel}","templated":true}]}}