{"id":9145,"date":"2025-11-22T14:51:48","date_gmt":"2025-11-22T14:51:48","guid":{"rendered":"https:\/\/natation.ch\/product\/bonnet-de-natation-en-neoprene-haute-visibilite\/"},"modified":"2026-01-06T14:24:56","modified_gmt":"2026-01-06T14:24:56","slug":"bonnet-de-natation-en-neoprene-haute-visibilite","status":"publish","type":"product","link":"https:\/\/natation.ch\/fr\/produit\/bonnet-de-natation-en-neoprene-haute-visibilite\/","title":{"rendered":"Bonnet de natation en n\u00e9opr\u00e8ne haute visibilit\u00e9"},"content":{"rendered":"<p>VISIBILIT\u00c9 ET S\u00c9CURIT\u00c9<br \/>\nLa couleur haute visibilit\u00e9 vous permet de vous rendre visible m\u00eame \u00e0 grande distance, assurant votre s\u00e9curit\u00e9 pendant vos s\u00e9ances de nage en eau libre.<\/p>\n<p>CHALEUR<br \/>\nLe n\u00e9opr\u00e8ne de 2,5 mm d&#8217;\u00e9paisseur apporte de la chaleur pour \u00e9viter la perte de chaleur pendant la nage.<\/p>\n<p>CONFORT<br \/>\nLa fermeture Velcro au niveau du menton vous permet d&#8217;ajuster le bonnet en n\u00e9opr\u00e8ne \u00e0 la forme de votre t\u00eate, assurant un confort maximal.<\/p>\n","protected":false},"excerpt":{"rendered":"<p>Le nouveau bonnet de natation en n\u00e9opr\u00e8ne haute visibilit\u00e9 vous permet de vous rendre visible tout en vous prot\u00e9geant du froid des eaux libres.<\/p>\n<p>Orca<\/p>\n","protected":false},"featured_media":582,"comment_status":"closed","ping_status":"closed","template":"","meta":[],"product_brand":[331],"product_cat":[57,63],"product_tag":[],"class_list":{"0":"post-9145","1":"product","2":"type-product","3":"status-publish","4":"has-post-thumbnail","6":"product_brand-orca","7":"product_cat-accessoires","8":"product_cat-bonnets","9":"product_shipping_class-petitarticle","11":"first","12":"instock","13":"shipping-taxable","14":"purchasable","15":"product-type-variable"},"_links":{"self":[{"href":"https:\/\/natation.ch\/fr\/wp-json\/wp\/v2\/product\/9145","targetHints":{"allow":["GET"]}}],"collection":[{"href":"https:\/\/natation.ch\/fr\/wp-json\/wp\/v2\/product"}],"about":[{"href":"https:\/\/natation.ch\/fr\/wp-json\/wp\/v2\/types\/product"}],"replies":[{"embeddable":true,"href":"https:\/\/natation.ch\/fr\/wp-json\/wp\/v2\/comments?post=9145"}],"wp:featuredmedia":[{"embeddable":true,"href":"https:\/\/natation.ch\/fr\/wp-json\/wp\/v2\/media\/582"}],"wp:attachment":[{"href":"https:\/\/natation.ch\/fr\/wp-json\/wp\/v2\/media?parent=9145"}],"wp:term":[{"taxonomy":"product_brand","embeddable":true,"href":"https:\/\/natation.ch\/fr\/wp-json\/wp\/v2\/product_brand?post=9145"},{"taxonomy":"product_cat","embeddable":true,"href":"https:\/\/natation.ch\/fr\/wp-json\/wp\/v2\/product_cat?post=9145"},{"taxonomy":"product_tag","embeddable":true,"href":"https:\/\/natation.ch\/fr\/wp-json\/wp\/v2\/product_tag?post=9145"}],"curies":[{"name":"wp","href":"https:\/\/api.w.org\/{rel}","templated":true}]}}