{"id":9118,"date":"2025-11-22T14:50:53","date_gmt":"2025-11-22T14:50:53","guid":{"rendered":"https:\/\/natation.ch\/product\/palmes-longues-flottantes\/"},"modified":"2025-11-22T14:50:53","modified_gmt":"2025-11-22T14:50:53","slug":"palmes-longues-flottantes","status":"publish","type":"product","link":"https:\/\/natation.ch\/fr\/produit\/palmes-longues-flottantes\/","title":{"rendered":"Palmes longues flottantes"},"content":{"rendered":"<p>Avec leur longue voilure hydrodynamique, les palmes longues flottantes ajoutent de la propulsion aux mouvements de papillon et de battement. La flottabilit\u00e9 des palmes soul\u00e8ve les jambes \u00e0 la surface, r\u00e9duisant la tra\u00een\u00e9e du reste du corps.<\/p>\n<p>La conception \u00e0 talon ferm\u00e9 des palmes longues flottantes offre une protection contre l&#8217;hyperflexion des chevilles et augmente le confort. Fabriqu\u00e9es en caoutchouc souple et flottant, les palmes longues flottantes ne coulent pas en eau douce ou sal\u00e9e, ce qui les rend id\u00e9ales pour l&#8217;entra\u00eenement en eau libre et en piscine.<\/p>\n<p>Les palmes longues flottantes sont identifi\u00e9es par un code couleur en fonction de la taille.<\/p>\n","protected":false},"excerpt":{"rendered":"<p>Les palmes longues flottantes Finis sont un excellent outil d&#8217;entra\u00eenement pour augmenter la force des jambes et aider les athl\u00e8tes \u00e0 nager plus vite.<\/p>\n","protected":false},"featured_media":424,"comment_status":"closed","ping_status":"closed","template":"","meta":[],"product_brand":[327],"product_cat":[72,333],"product_tag":[],"class_list":{"0":"post-9118","1":"product","2":"type-product","3":"status-publish","4":"has-post-thumbnail","6":"product_brand-finis","7":"product_cat-equipement","8":"product_cat-palmes","10":"first","11":"instock","12":"shipping-taxable","13":"purchasable","14":"product-type-variable"},"_links":{"self":[{"href":"https:\/\/natation.ch\/fr\/wp-json\/wp\/v2\/product\/9118","targetHints":{"allow":["GET"]}}],"collection":[{"href":"https:\/\/natation.ch\/fr\/wp-json\/wp\/v2\/product"}],"about":[{"href":"https:\/\/natation.ch\/fr\/wp-json\/wp\/v2\/types\/product"}],"replies":[{"embeddable":true,"href":"https:\/\/natation.ch\/fr\/wp-json\/wp\/v2\/comments?post=9118"}],"wp:featuredmedia":[{"embeddable":true,"href":"https:\/\/natation.ch\/fr\/wp-json\/wp\/v2\/media\/424"}],"wp:attachment":[{"href":"https:\/\/natation.ch\/fr\/wp-json\/wp\/v2\/media?parent=9118"}],"wp:term":[{"taxonomy":"product_brand","embeddable":true,"href":"https:\/\/natation.ch\/fr\/wp-json\/wp\/v2\/product_brand?post=9118"},{"taxonomy":"product_cat","embeddable":true,"href":"https:\/\/natation.ch\/fr\/wp-json\/wp\/v2\/product_cat?post=9118"},{"taxonomy":"product_tag","embeddable":true,"href":"https:\/\/natation.ch\/fr\/wp-json\/wp\/v2\/product_tag?post=9118"}],"curies":[{"name":"wp","href":"https:\/\/api.w.org\/{rel}","templated":true}]}}