{"id":9106,"date":"2025-11-22T14:51:09","date_gmt":"2025-11-22T14:51:09","guid":{"rendered":"https:\/\/natation.ch\/product\/iso-paddle\/"},"modified":"2025-11-22T14:51:09","modified_gmt":"2025-11-22T14:51:09","slug":"iso-paddle","status":"publish","type":"product","link":"https:\/\/natation.ch\/fr\/produit\/iso-paddle\/","title":{"rendered":"Iso Paddle"},"content":{"rendered":"<p>Les Iso Paddle sont con\u00e7ues de mani\u00e8re unique pour cr\u00e9er un d\u00e9s\u00e9quilibre dans la phase de prise d&#8217;une nage, ce qui oblige les nageurs \u00e0 appliquer plus de pression de chaque c\u00f4t\u00e9 de la pagaie afin de maintenir une nage correcte. La variance encourage les nageurs \u00e0 accorder une attention accrue \u00e0 la position de la main dans l&#8217;eau, en la gardant \u00e0 niveau et constante tout au long de la prise et de la traction de chaque nage. <\/p>\n","protected":false},"excerpt":{"rendered":"<p>Les nouvelles Iso Paddle de Finis sont des plaquettes sans bretelles con\u00e7ues pour isoler des groupes musculaires sp\u00e9cifiques, d\u00e9velopper une position correcte de la main et accro\u00eetre la conscience de la nage.<\/p>\n","protected":false},"featured_media":458,"comment_status":"closed","ping_status":"closed","template":"","meta":[],"product_brand":[327],"product_cat":[72,84],"product_tag":[],"class_list":{"0":"post-9106","1":"product","2":"type-product","3":"status-publish","4":"has-post-thumbnail","6":"product_brand-finis","7":"product_cat-equipement","8":"product_cat-paddle","10":"first","11":"instock","12":"shipping-taxable","13":"purchasable","14":"product-type-variable"},"_links":{"self":[{"href":"https:\/\/natation.ch\/fr\/wp-json\/wp\/v2\/product\/9106","targetHints":{"allow":["GET"]}}],"collection":[{"href":"https:\/\/natation.ch\/fr\/wp-json\/wp\/v2\/product"}],"about":[{"href":"https:\/\/natation.ch\/fr\/wp-json\/wp\/v2\/types\/product"}],"replies":[{"embeddable":true,"href":"https:\/\/natation.ch\/fr\/wp-json\/wp\/v2\/comments?post=9106"}],"wp:featuredmedia":[{"embeddable":true,"href":"https:\/\/natation.ch\/fr\/wp-json\/wp\/v2\/media\/458"}],"wp:attachment":[{"href":"https:\/\/natation.ch\/fr\/wp-json\/wp\/v2\/media?parent=9106"}],"wp:term":[{"taxonomy":"product_brand","embeddable":true,"href":"https:\/\/natation.ch\/fr\/wp-json\/wp\/v2\/product_brand?post=9106"},{"taxonomy":"product_cat","embeddable":true,"href":"https:\/\/natation.ch\/fr\/wp-json\/wp\/v2\/product_cat?post=9106"},{"taxonomy":"product_tag","embeddable":true,"href":"https:\/\/natation.ch\/fr\/wp-json\/wp\/v2\/product_tag?post=9106"}],"curies":[{"name":"wp","href":"https:\/\/api.w.org\/{rel}","templated":true}]}}