{"id":9076,"date":"2025-11-22T14:51:49","date_gmt":"2025-11-22T14:51:49","guid":{"rendered":"https:\/\/natation.ch\/product\/chaussons-hydro\/"},"modified":"2026-01-06T14:22:31","modified_gmt":"2026-01-06T14:22:31","slug":"chaussons-hydro","status":"publish","type":"product","link":"https:\/\/natation.ch\/fr\/produit\/chaussons-hydro\/","title":{"rendered":"Chaussons Hydro"},"content":{"rendered":"<p>Taille Pointure<\/p>\n<p>Europe Royaume-Uni \u00c9tats-Unis<br \/>\nXS 38 5.5 6<br \/>\nS 40 6.5 7<br \/>\nM 41 7.5 8<br \/>\nL 42.5 8.5 9<br \/>\nXL 44 9.5 10<br \/>\nXXL 45 10.5 11<br \/>\nXXXL 46 11.0 12<\/p>\n<p>Chaleur accrue<br \/>\nLa doublure thermique Thermal X offre une chaleur accrue, aidant \u00e0 emprisonner la chaleur et \u00e0 \u00e9viter les pertes de chaleur pendant votre entra\u00eenement.<br \/>\nConfort et ajustement<br \/>\nLe mod\u00e8le avec un orteil s\u00e9par\u00e9 am\u00e9liore l&#8217;ajustement, permettant aux chaussons hydro de rester en place, emp\u00eachant ainsi l&#8217;eau de p\u00e9n\u00e9trer. De plus, la doublure thermique douce offre un confort accru et emp\u00eache les frottements sur la peau.<br \/>\nCet accessoire doit \u00eatre port\u00e9 sous une combinaison en n\u00e9opr\u00e8ne pour minimiser l&#8217;entr\u00e9e d&#8217;eau.<\/p>\n","protected":false},"excerpt":{"rendered":"<p>Ces chaussons offrent une isolation thermique maximale \u00e0 vos pieds. Et gr\u00e2ce \u00e0 leur ajustement, ils restent en place et ne vous g\u00eaneront pas pendant la nage.<\/p>\n<p>Orca<\/p>\n","protected":false},"featured_media":602,"comment_status":"closed","ping_status":"closed","template":"","meta":[],"product_brand":[331],"product_cat":[57,66],"product_tag":[],"class_list":{"0":"post-9076","1":"product","2":"type-product","3":"status-publish","4":"has-post-thumbnail","6":"product_brand-orca","7":"product_cat-accessoires","8":"product_cat-autres-accessoires","10":"first","11":"instock","12":"featured","13":"shipping-taxable","14":"purchasable","15":"product-type-variable"},"_links":{"self":[{"href":"https:\/\/natation.ch\/fr\/wp-json\/wp\/v2\/product\/9076","targetHints":{"allow":["GET"]}}],"collection":[{"href":"https:\/\/natation.ch\/fr\/wp-json\/wp\/v2\/product"}],"about":[{"href":"https:\/\/natation.ch\/fr\/wp-json\/wp\/v2\/types\/product"}],"replies":[{"embeddable":true,"href":"https:\/\/natation.ch\/fr\/wp-json\/wp\/v2\/comments?post=9076"}],"wp:featuredmedia":[{"embeddable":true,"href":"https:\/\/natation.ch\/fr\/wp-json\/wp\/v2\/media\/602"}],"wp:attachment":[{"href":"https:\/\/natation.ch\/fr\/wp-json\/wp\/v2\/media?parent=9076"}],"wp:term":[{"taxonomy":"product_brand","embeddable":true,"href":"https:\/\/natation.ch\/fr\/wp-json\/wp\/v2\/product_brand?post=9076"},{"taxonomy":"product_cat","embeddable":true,"href":"https:\/\/natation.ch\/fr\/wp-json\/wp\/v2\/product_cat?post=9076"},{"taxonomy":"product_tag","embeddable":true,"href":"https:\/\/natation.ch\/fr\/wp-json\/wp\/v2\/product_tag?post=9076"}],"curies":[{"name":"wp","href":"https:\/\/api.w.org\/{rel}","templated":true}]}}