{"id":9059,"date":"2025-11-22T14:51:50","date_gmt":"2025-11-22T14:51:50","guid":{"rendered":"https:\/\/natation.ch\/product\/swedish-mirror-goggles\/"},"modified":"2026-01-06T15:26:04","modified_gmt":"2026-01-06T15:26:04","slug":"swedish-mirror-goggles","status":"publish","type":"product","link":"https:\/\/natation.ch\/fr\/produit\/swedish-mirror-goggles\/","title":{"rendered":"Swedish Mirror Goggles"},"content":{"rendered":"<p>&#8216;- Lunettes id\u00e9ales pour la comp\u00e9tition\/course<\/p>\n<p>&#8211; Lunettes traditionnelles \u00e0 monture rigide<\/p>\n<p>&#8211; Dot\u00e9es de la technologie antibu\u00e9e et d&#8217;une protection UV, port\u00e9es par Grant Hackett<\/p>\n<p>&#8211; Le kit \u00e0 monter soi-m\u00eame permet un ajustement sur mesure<\/p>\n<p>&#8211; Double sangle de t\u00eate en latex avec logo pour un maintien s\u00fbr<\/p>\n","protected":false},"excerpt":{"rendered":"<p>Verres \u00e0 effet miroir<\/p>\n<p>Speedo<\/p>\n","protected":false},"featured_media":646,"comment_status":"closed","ping_status":"closed","template":"","meta":[],"product_brand":[330],"product_cat":[72,75],"product_tag":[],"class_list":{"0":"post-9059","1":"product","2":"type-product","3":"status-publish","4":"has-post-thumbnail","6":"product_brand-speedo","7":"product_cat-equipement","8":"product_cat-unettes","10":"first","11":"instock","12":"shipping-taxable","13":"purchasable","14":"product-type-simple"},"_links":{"self":[{"href":"https:\/\/natation.ch\/fr\/wp-json\/wp\/v2\/product\/9059","targetHints":{"allow":["GET"]}}],"collection":[{"href":"https:\/\/natation.ch\/fr\/wp-json\/wp\/v2\/product"}],"about":[{"href":"https:\/\/natation.ch\/fr\/wp-json\/wp\/v2\/types\/product"}],"replies":[{"embeddable":true,"href":"https:\/\/natation.ch\/fr\/wp-json\/wp\/v2\/comments?post=9059"}],"wp:featuredmedia":[{"embeddable":true,"href":"https:\/\/natation.ch\/fr\/wp-json\/wp\/v2\/media\/646"}],"wp:attachment":[{"href":"https:\/\/natation.ch\/fr\/wp-json\/wp\/v2\/media?parent=9059"}],"wp:term":[{"taxonomy":"product_brand","embeddable":true,"href":"https:\/\/natation.ch\/fr\/wp-json\/wp\/v2\/product_brand?post=9059"},{"taxonomy":"product_cat","embeddable":true,"href":"https:\/\/natation.ch\/fr\/wp-json\/wp\/v2\/product_cat?post=9059"},{"taxonomy":"product_tag","embeddable":true,"href":"https:\/\/natation.ch\/fr\/wp-json\/wp\/v2\/product_tag?post=9059"}],"curies":[{"name":"wp","href":"https:\/\/api.w.org\/{rel}","templated":true}]}}