{"id":9004,"date":"2025-11-22T14:52:06","date_gmt":"2025-11-22T14:52:06","guid":{"rendered":"https:\/\/natation.ch\/product\/masque-biofuse-rift\/"},"modified":"2025-11-22T14:52:06","modified_gmt":"2025-11-22T14:52:06","slug":"masque-biofuse-rift","status":"publish","type":"product","link":"https:\/\/natation.ch\/fr\/produit\/masque-biofuse-rift\/","title":{"rendered":"Masque Biofuse Rift"},"content":{"rendered":"<p>Dot\u00e9 de la technologie Speedo Biofuse\u00ae pour un confort amorti \u00e0 chaque fois que vous nagez.<\/p>\n<p>Joint ultra-doux qui s&#8217;adapte \u00e0 la forme de votre visage.<\/p>\n<p>Verres Wide Vision pour une vision p\u00e9riph\u00e9rique am\u00e9lior\u00e9e.<\/p>\n<p>R\u00e9glage facile par bouton-poussoir pour un ajustement rapide et ais\u00e9.<\/p>\n<p>Conception \u00e0 large sangle fendue pour un ajustement confortable et s\u00fbr.<\/p>\n<p>Verres clairs pour les conditions de faible luminosit\u00e9 et une visibilit\u00e9 maximale.<\/p>\n<p>Id\u00e9al pour la natation en int\u00e9rieur.<\/p>\n<p>Verres trait\u00e9s antibu\u00e9e avec protection UV \u00e0 100 %.<\/p>\n","protected":false},"excerpt":{"rendered":"<p>Masque de natation<br \/>\nSpeedo<\/p>\n","protected":false},"featured_media":684,"comment_status":"closed","ping_status":"closed","template":"","meta":[],"product_brand":[330],"product_cat":[72,75],"product_tag":[],"class_list":{"0":"post-9004","1":"product","2":"type-product","3":"status-publish","4":"has-post-thumbnail","6":"product_brand-speedo","7":"product_cat-equipement","8":"product_cat-unettes","10":"first","11":"instock","12":"shipping-taxable","13":"purchasable","14":"product-type-simple"},"_links":{"self":[{"href":"https:\/\/natation.ch\/fr\/wp-json\/wp\/v2\/product\/9004","targetHints":{"allow":["GET"]}}],"collection":[{"href":"https:\/\/natation.ch\/fr\/wp-json\/wp\/v2\/product"}],"about":[{"href":"https:\/\/natation.ch\/fr\/wp-json\/wp\/v2\/types\/product"}],"replies":[{"embeddable":true,"href":"https:\/\/natation.ch\/fr\/wp-json\/wp\/v2\/comments?post=9004"}],"wp:featuredmedia":[{"embeddable":true,"href":"https:\/\/natation.ch\/fr\/wp-json\/wp\/v2\/media\/684"}],"wp:attachment":[{"href":"https:\/\/natation.ch\/fr\/wp-json\/wp\/v2\/media?parent=9004"}],"wp:term":[{"taxonomy":"product_brand","embeddable":true,"href":"https:\/\/natation.ch\/fr\/wp-json\/wp\/v2\/product_brand?post=9004"},{"taxonomy":"product_cat","embeddable":true,"href":"https:\/\/natation.ch\/fr\/wp-json\/wp\/v2\/product_cat?post=9004"},{"taxonomy":"product_tag","embeddable":true,"href":"https:\/\/natation.ch\/fr\/wp-json\/wp\/v2\/product_tag?post=9004"}],"curies":[{"name":"wp","href":"https:\/\/api.w.org\/{rel}","templated":true}]}}