{"id":8927,"date":"2025-11-22T14:50:15","date_gmt":"2025-11-22T14:50:15","guid":{"rendered":"https:\/\/natation.ch\/product\/zanpa\/"},"modified":"2025-11-22T14:50:15","modified_gmt":"2025-11-22T14:50:15","slug":"zanpa","status":"publish","type":"product","link":"https:\/\/natation.ch\/fr\/produit\/zanpa\/","title":{"rendered":"Zanpa"},"content":{"rendered":"<p>Toutes les chaussures Speedo sont con\u00e7ues pour offrir confiance et confort dans l&#8217;eau. Chaque mod\u00e8le est dot\u00e9 d&#8217;une coupe ergonomique qui garantit un ajustement parfait au pied&nbsp;; une adh\u00e9rence optimale, assurant une traction maximale dans les environnements secs et humides pour que tu te sentes en confiance et en s\u00e9curit\u00e9&nbsp;; des mat\u00e9riaux l\u00e9gers et hydrofuges&nbsp;; des mat\u00e9riaux naturellement antibact\u00e9riens garantissant une fra\u00eecheur durable, et un emballage et des chaussures recyclables et 100&nbsp;% sans PVC. <\/p>\n","protected":false},"excerpt":{"rendered":"<p>Speedo<\/p>\n<p>Chaussures d&#8217;eau<\/p>\n","protected":false},"featured_media":363,"comment_status":"closed","ping_status":"closed","template":"","meta":[],"product_brand":[330],"product_cat":[81,72],"product_tag":[],"class_list":{"0":"post-8927","1":"product","2":"type-product","3":"status-publish","4":"has-post-thumbnail","6":"product_brand-speedo","7":"product_cat-autre-equipement","8":"product_cat-equipement","10":"first","11":"instock","12":"shipping-taxable","13":"purchasable","14":"product-type-variable"},"_links":{"self":[{"href":"https:\/\/natation.ch\/fr\/wp-json\/wp\/v2\/product\/8927","targetHints":{"allow":["GET"]}}],"collection":[{"href":"https:\/\/natation.ch\/fr\/wp-json\/wp\/v2\/product"}],"about":[{"href":"https:\/\/natation.ch\/fr\/wp-json\/wp\/v2\/types\/product"}],"replies":[{"embeddable":true,"href":"https:\/\/natation.ch\/fr\/wp-json\/wp\/v2\/comments?post=8927"}],"wp:featuredmedia":[{"embeddable":true,"href":"https:\/\/natation.ch\/fr\/wp-json\/wp\/v2\/media\/363"}],"wp:attachment":[{"href":"https:\/\/natation.ch\/fr\/wp-json\/wp\/v2\/media?parent=8927"}],"wp:term":[{"taxonomy":"product_brand","embeddable":true,"href":"https:\/\/natation.ch\/fr\/wp-json\/wp\/v2\/product_brand?post=8927"},{"taxonomy":"product_cat","embeddable":true,"href":"https:\/\/natation.ch\/fr\/wp-json\/wp\/v2\/product_cat?post=8927"},{"taxonomy":"product_tag","embeddable":true,"href":"https:\/\/natation.ch\/fr\/wp-json\/wp\/v2\/product_tag?post=8927"}],"curies":[{"name":"wp","href":"https:\/\/api.w.org\/{rel}","templated":true}]}}