{"id":8924,"date":"2025-12-18T15:04:56","date_gmt":"2025-12-18T15:04:56","guid":{"rendered":"https:\/\/natation.ch\/?post_type=product&#038;p=8924"},"modified":"2025-12-18T15:06:21","modified_gmt":"2025-12-18T15:06:21","slug":"sac-a-dos-spiky-iii-navy","status":"publish","type":"product","link":"https:\/\/natation.ch\/fr\/produit\/sac-a-dos-spiky-iii-navy\/","title":{"rendered":"Sac \u00e0 dos Spiky III Navy \/ Neon Violet"},"content":{"rendered":"<ul>\n<li>Sac \u00e0 dos spacieux et confortable avec de multiples compartiments pour faciliter le transport du mat\u00e9riel de sport et des maillots de bain mouill\u00e9s<\/li>\n<li>Grand compartiment principal, trois poches zipp\u00e9es suppl\u00e9mentaires, poches lat\u00e9rales en maille, sac s\u00e9par\u00e9 pour les articles mouill\u00e9s<\/li>\n<li>Fond renforc\u00e9, dos rembourr\u00e9 et respirant, bretelles confortables, mat\u00e9riau hydrofuge, dimensions\u00a0: 50 cm x 36 cm x 27 cm, 45 L<\/li>\n<li>Id\u00e9al pour l\u2019entra\u00eenement de natation, les comp\u00e9titions et autres activit\u00e9s sportives<\/li>\n<\/ul>\n","protected":false},"excerpt":{"rendered":"<p>Le sac \u00e0 dos arena 45L Spiky III spacieux, confortable et \u00e9l\u00e9gant a \u00e9t\u00e9 d\u00e9velopp\u00e9 sp\u00e9cifiquement pour les nageurs. Le compartiment principal spacieux, les trois poches zipp\u00e9es suppl\u00e9mentaires, les poches lat\u00e9rales en maille et un sac s\u00e9par\u00e9 pour les articles mouill\u00e9s offrent beaucoup d\u2019espace de rangement. Avec des inserts en maille respirante et un mat\u00e9riau hydrofuge pour un contr\u00f4le optimal de l\u2019humidit\u00e9. Le panneau dorsal rembourr\u00e9 et respirant et les bretelles ergonomiques assurent un confort exceptionnel. Le fond hydrofuge prot\u00e8ge le contenu sur les surfaces mouill\u00e9es. Dimensions\u00a0: 50 cm x 36 cm x 27 cm, 45 L<\/p>\n<p>&nbsp;<\/p>\n","protected":false},"featured_media":8904,"comment_status":"open","ping_status":"closed","template":"","meta":[],"product_brand":[329],"product_cat":[60],"product_tag":[],"class_list":{"0":"post-8924","1":"product","2":"type-product","3":"status-publish","4":"has-post-thumbnail","6":"product_brand-arena","7":"product_cat-sacs","9":"first","10":"instock","11":"shipping-taxable","12":"purchasable","13":"product-type-simple"},"_links":{"self":[{"href":"https:\/\/natation.ch\/fr\/wp-json\/wp\/v2\/product\/8924","targetHints":{"allow":["GET"]}}],"collection":[{"href":"https:\/\/natation.ch\/fr\/wp-json\/wp\/v2\/product"}],"about":[{"href":"https:\/\/natation.ch\/fr\/wp-json\/wp\/v2\/types\/product"}],"replies":[{"embeddable":true,"href":"https:\/\/natation.ch\/fr\/wp-json\/wp\/v2\/comments?post=8924"}],"wp:featuredmedia":[{"embeddable":true,"href":"https:\/\/natation.ch\/fr\/wp-json\/wp\/v2\/media\/8904"}],"wp:attachment":[{"href":"https:\/\/natation.ch\/fr\/wp-json\/wp\/v2\/media?parent=8924"}],"wp:term":[{"taxonomy":"product_brand","embeddable":true,"href":"https:\/\/natation.ch\/fr\/wp-json\/wp\/v2\/product_brand?post=8924"},{"taxonomy":"product_cat","embeddable":true,"href":"https:\/\/natation.ch\/fr\/wp-json\/wp\/v2\/product_cat?post=8924"},{"taxonomy":"product_tag","embeddable":true,"href":"https:\/\/natation.ch\/fr\/wp-json\/wp\/v2\/product_tag?post=8924"}],"curies":[{"name":"wp","href":"https:\/\/api.w.org\/{rel}","templated":true}]}}