{"id":8843,"date":"2025-11-22T14:52:07","date_gmt":"2025-11-22T14:52:07","guid":{"rendered":"https:\/\/natation.ch\/product\/killa-hydro-mirror\/"},"modified":"2026-01-06T14:16:20","modified_gmt":"2026-01-06T14:16:20","slug":"killa-hydro-mirror","status":"publish","type":"product","link":"https:\/\/natation.ch\/fr\/produit\/killa-hydro-mirror\/","title":{"rendered":"Killa Hydro Mirror"},"content":{"rendered":"<p>AJUSTEMENT PARFAIT Le joint ergonomique 3D \u00e9pouse parfaitement le visage, r\u00e9duisant la pression autour des yeux pour une performance encore meilleure en mati\u00e8re d&#8217;\u00e9tanch\u00e9it\u00e9. R\u00c9GLAGE RAPIDE Le syst\u00e8me de sangle L50clip vous aide \u00e0 ajuster facilement et rapidement la sangle en silicone. ULTRA FUSE Gr\u00e2ce au syst\u00e8me r\u00e9volutionnaire UltraFuse, le caoutchouc TPE est fix\u00e9 \u00e0 la lentille et \u00e0 la monture gr\u00e2ce \u00e0 la toute derni\u00e8re technologie d&#8217;injection. Cette conception am\u00e9liore le confort et r\u00e9duit la pression et les fuites d&#8217;eau. ANTI-BU\u00c9E Le rev\u00eatement ANTI-BU\u00c9E exclusif et durable emp\u00eache la formation de bu\u00e9e sur vos lunettes, offrant une vision claire \u00e0 tout moment.<\/p>\n","protected":false},"excerpt":{"rendered":"<p>Ces lunettes sont performantes, polyvalentes et ergonomiques, ce qui am\u00e9liorera votre confort et votre vitesse dans l&#8217;eau. Elles offrent une clart\u00e9 optique exceptionnelle, ce qui les rend adapt\u00e9es \u00e0 la fois \u00e0 la comp\u00e9tition et \u00e0 l&#8217;entra\u00eenement.<\/p>\n<p>Orca<\/p>\n","protected":false},"featured_media":712,"comment_status":"closed","ping_status":"closed","template":"","meta":[],"product_brand":[331],"product_cat":[72,75],"product_tag":[],"class_list":{"0":"post-8843","1":"product","2":"type-product","3":"status-publish","4":"has-post-thumbnail","6":"product_brand-orca","7":"product_cat-equipement","8":"product_cat-unettes","10":"first","11":"instock","12":"shipping-taxable","13":"purchasable","14":"product-type-simple"},"_links":{"self":[{"href":"https:\/\/natation.ch\/fr\/wp-json\/wp\/v2\/product\/8843","targetHints":{"allow":["GET"]}}],"collection":[{"href":"https:\/\/natation.ch\/fr\/wp-json\/wp\/v2\/product"}],"about":[{"href":"https:\/\/natation.ch\/fr\/wp-json\/wp\/v2\/types\/product"}],"replies":[{"embeddable":true,"href":"https:\/\/natation.ch\/fr\/wp-json\/wp\/v2\/comments?post=8843"}],"wp:featuredmedia":[{"embeddable":true,"href":"https:\/\/natation.ch\/fr\/wp-json\/wp\/v2\/media\/712"}],"wp:attachment":[{"href":"https:\/\/natation.ch\/fr\/wp-json\/wp\/v2\/media?parent=8843"}],"wp:term":[{"taxonomy":"product_brand","embeddable":true,"href":"https:\/\/natation.ch\/fr\/wp-json\/wp\/v2\/product_brand?post=8843"},{"taxonomy":"product_cat","embeddable":true,"href":"https:\/\/natation.ch\/fr\/wp-json\/wp\/v2\/product_cat?post=8843"},{"taxonomy":"product_tag","embeddable":true,"href":"https:\/\/natation.ch\/fr\/wp-json\/wp\/v2\/product_tag?post=8843"}],"curies":[{"name":"wp","href":"https:\/\/api.w.org\/{rel}","templated":true}]}}