{"id":8840,"date":"2025-11-22T14:49:26","date_gmt":"2025-11-22T14:49:26","guid":{"rendered":"https:\/\/natation.ch\/product\/safety-bag\/"},"modified":"2026-01-06T13:56:35","modified_gmt":"2026-01-06T13:56:35","slug":"safety-bag","status":"publish","type":"product","link":"https:\/\/natation.ch\/fr\/produit\/safety-bag\/","title":{"rendered":"Safety bag"},"content":{"rendered":"<p>Le sac de s\u00e9curit\u00e9 Orca te rendra plus visible dans l&#8217;eau et te fournira un dispositif de flottaison auquel t&#8217;accrocher. Gr\u00e2ce \u00e0 son compartiment \u00e9tanche, tu peux ranger tes affaires en toute s\u00e9curit\u00e9 et au sec. Un dispositif de s\u00e9curit\u00e9 pratique et essentiel pour tes comp\u00e9titions de swimrun et tes s\u00e9ances d&#8217;entra\u00eenement.<\/p>\n","protected":false},"excerpt":{"rendered":"<p>Le sac de s\u00e9curit\u00e9 Orca te rendra plus visible dans l&#8217;eau et te fournira un dispositif de flottaison auquel t&#8217;accrocher. Gr\u00e2ce \u00e0 son compartiment \u00e9tanche, tu peux ranger tes affaires en toute s\u00e9curit\u00e9 et au sec. Un dispositif de s\u00e9curit\u00e9 pratique et essentiel pour tes comp\u00e9titions de swimrun et tes s\u00e9ances d&#8217;entra\u00eenement.<\/p>\n","protected":false},"featured_media":179,"comment_status":"closed","ping_status":"closed","template":"","meta":[],"product_brand":[331],"product_cat":[57,66],"product_tag":[],"class_list":{"0":"post-8840","1":"product","2":"type-product","3":"status-publish","4":"has-post-thumbnail","6":"product_brand-orca","7":"product_cat-accessoires","8":"product_cat-autres-accessoires","10":"first","11":"instock","12":"shipping-taxable","13":"purchasable","14":"product-type-simple"},"_links":{"self":[{"href":"https:\/\/natation.ch\/fr\/wp-json\/wp\/v2\/product\/8840","targetHints":{"allow":["GET"]}}],"collection":[{"href":"https:\/\/natation.ch\/fr\/wp-json\/wp\/v2\/product"}],"about":[{"href":"https:\/\/natation.ch\/fr\/wp-json\/wp\/v2\/types\/product"}],"replies":[{"embeddable":true,"href":"https:\/\/natation.ch\/fr\/wp-json\/wp\/v2\/comments?post=8840"}],"wp:featuredmedia":[{"embeddable":true,"href":"https:\/\/natation.ch\/fr\/wp-json\/wp\/v2\/media\/179"}],"wp:attachment":[{"href":"https:\/\/natation.ch\/fr\/wp-json\/wp\/v2\/media?parent=8840"}],"wp:term":[{"taxonomy":"product_brand","embeddable":true,"href":"https:\/\/natation.ch\/fr\/wp-json\/wp\/v2\/product_brand?post=8840"},{"taxonomy":"product_cat","embeddable":true,"href":"https:\/\/natation.ch\/fr\/wp-json\/wp\/v2\/product_cat?post=8840"},{"taxonomy":"product_tag","embeddable":true,"href":"https:\/\/natation.ch\/fr\/wp-json\/wp\/v2\/product_tag?post=8840"}],"curies":[{"name":"wp","href":"https:\/\/api.w.org\/{rel}","templated":true}]}}