{"id":8789,"date":"2025-11-22T14:52:08","date_gmt":"2025-11-22T14:52:08","guid":{"rendered":"https:\/\/natation.ch\/product\/pull-de-natation-thermique\/"},"modified":"2025-11-22T14:52:08","modified_gmt":"2025-11-22T14:52:08","slug":"pull-de-natation-thermique","status":"publish","type":"product","link":"https:\/\/natation.ch\/fr\/produit\/pull-de-natation-thermique\/","title":{"rendered":"Pull de natation thermique"},"content":{"rendered":"<p>Fabriqu\u00e9 dans un tissu BiPoly unique, il procure de la chaleur en emprisonnant la chaleur corporelle. Fabriqu\u00e9 dans un mat\u00e9riau r\u00e9sistant mais l\u00e9ger qui s&#8217;adapte au haut du corps sans restreindre l&#8217;amplitude des mouvements. Offre une protection UVA, UVB et antibact\u00e9rienne.<\/p>\n","protected":false},"excerpt":{"rendered":"<p>Finis<\/p>\n","protected":false},"featured_media":720,"comment_status":"closed","ping_status":"closed","template":"","meta":[],"product_brand":[327],"product_cat":[81,72],"product_tag":[],"class_list":{"0":"post-8789","1":"product","2":"type-product","3":"status-publish","4":"has-post-thumbnail","6":"product_brand-finis","7":"product_cat-autre-equipement","8":"product_cat-equipement","10":"first","11":"instock","12":"shipping-taxable","13":"purchasable","14":"product-type-variable"},"_links":{"self":[{"href":"https:\/\/natation.ch\/fr\/wp-json\/wp\/v2\/product\/8789","targetHints":{"allow":["GET"]}}],"collection":[{"href":"https:\/\/natation.ch\/fr\/wp-json\/wp\/v2\/product"}],"about":[{"href":"https:\/\/natation.ch\/fr\/wp-json\/wp\/v2\/types\/product"}],"replies":[{"embeddable":true,"href":"https:\/\/natation.ch\/fr\/wp-json\/wp\/v2\/comments?post=8789"}],"wp:featuredmedia":[{"embeddable":true,"href":"https:\/\/natation.ch\/fr\/wp-json\/wp\/v2\/media\/720"}],"wp:attachment":[{"href":"https:\/\/natation.ch\/fr\/wp-json\/wp\/v2\/media?parent=8789"}],"wp:term":[{"taxonomy":"product_brand","embeddable":true,"href":"https:\/\/natation.ch\/fr\/wp-json\/wp\/v2\/product_brand?post=8789"},{"taxonomy":"product_cat","embeddable":true,"href":"https:\/\/natation.ch\/fr\/wp-json\/wp\/v2\/product_cat?post=8789"},{"taxonomy":"product_tag","embeddable":true,"href":"https:\/\/natation.ch\/fr\/wp-json\/wp\/v2\/product_tag?post=8789"}],"curies":[{"name":"wp","href":"https:\/\/api.w.org\/{rel}","templated":true}]}}