{"id":8711,"date":"2025-11-22T14:54:05","date_gmt":"2025-11-22T14:54:05","guid":{"rendered":"https:\/\/natation.ch\/product\/chaussettes-de-natation\/"},"modified":"2026-01-06T14:10:40","modified_gmt":"2026-01-06T14:10:40","slug":"chaussettes-de-natation","status":"publish","type":"product","link":"https:\/\/natation.ch\/fr\/produit\/chaussettes-de-natation\/","title":{"rendered":"Chaussettes de natation"},"content":{"rendered":"<p>Chaleur<br \/>\nGr\u00e2ce \u00e0 sa conception en n\u00e9opr\u00e8ne de 2,5 mm, cet accessoire offre une excellente isolation contre le froid.<br \/>\nConfort<\/p>\n<p>La doublure de haute qualit\u00e9 offre un confort optimal pendant la nage.<\/p>\n<p>Cet accessoire doit \u00eatre port\u00e9 sous une combinaison en n\u00e9opr\u00e8ne pour emp\u00eacher l&#8217;eau de p\u00e9n\u00e9trer.<\/p>\n<p>Taille Pointure<\/p>\n<p>Europe UK USA<br \/>\nXXS 37 5.0 5<br \/>\nXS 38 5.5 6<br \/>\nS 40 6.5 7<br \/>\nM 41 7.5 8<br \/>\nL 42.5 8.5 9<br \/>\nXL 44 9.5 10<br \/>\nXXL 45 10.5 11<br \/>\nXXXL 46 11.0 12<\/p>\n","protected":false},"excerpt":{"rendered":"<p>Cet accessoire pour eau froide vous aidera \u00e0 garder vos pieds isol\u00e9s du froid afin que tu puisses nager confortablement plus longtemps.<\/p>\n<p>Orca<\/p>\n","protected":false},"featured_media":1160,"comment_status":"closed","ping_status":"closed","template":"","meta":[],"product_brand":[331],"product_cat":[57,66],"product_tag":[],"class_list":{"0":"post-8711","1":"product","2":"type-product","3":"status-publish","4":"has-post-thumbnail","6":"product_brand-orca","7":"product_cat-accessoires","8":"product_cat-autres-accessoires","10":"first","11":"instock","12":"shipping-taxable","13":"purchasable","14":"product-type-variable"},"_links":{"self":[{"href":"https:\/\/natation.ch\/fr\/wp-json\/wp\/v2\/product\/8711","targetHints":{"allow":["GET"]}}],"collection":[{"href":"https:\/\/natation.ch\/fr\/wp-json\/wp\/v2\/product"}],"about":[{"href":"https:\/\/natation.ch\/fr\/wp-json\/wp\/v2\/types\/product"}],"replies":[{"embeddable":true,"href":"https:\/\/natation.ch\/fr\/wp-json\/wp\/v2\/comments?post=8711"}],"wp:featuredmedia":[{"embeddable":true,"href":"https:\/\/natation.ch\/fr\/wp-json\/wp\/v2\/media\/1160"}],"wp:attachment":[{"href":"https:\/\/natation.ch\/fr\/wp-json\/wp\/v2\/media?parent=8711"}],"wp:term":[{"taxonomy":"product_brand","embeddable":true,"href":"https:\/\/natation.ch\/fr\/wp-json\/wp\/v2\/product_brand?post=8711"},{"taxonomy":"product_cat","embeddable":true,"href":"https:\/\/natation.ch\/fr\/wp-json\/wp\/v2\/product_cat?post=8711"},{"taxonomy":"product_tag","embeddable":true,"href":"https:\/\/natation.ch\/fr\/wp-json\/wp\/v2\/product_tag?post=8711"}],"curies":[{"name":"wp","href":"https:\/\/api.w.org\/{rel}","templated":true}]}}