{"id":8696,"date":"2025-11-22T14:53:49","date_gmt":"2025-11-22T14:53:49","guid":{"rendered":"https:\/\/natation.ch\/product\/predator-flex-polarise-ultra\/"},"modified":"2026-01-06T15:49:56","modified_gmt":"2026-01-06T15:49:56","slug":"predator-flex-polarise-ultra","status":"publish","type":"product","link":"https:\/\/natation.ch\/fr\/produit\/predator-flex-polarise-ultra\/","title":{"rendered":"Predator Flex polaris\u00e9 Ultra"},"content":{"rendered":"<p>Joint exclusif Advanced Ultra Fit\u2122, con\u00e7u pour r\u00e9duire la pression autour de l&#8217;orbite pour un confort exceptionnel.<\/p>\n<p>Les verres polaris\u00e9s Ultra r\u00e9duisent l&#8217;\u00e9blouissement et la r\u00e9flexion du soleil, m\u00eame en cas de forte luminosit\u00e9.<\/p>\n<p>CLT\u2122 &#8211; La technologie de lentille incurv\u00e9e offre une vision p\u00e9riph\u00e9rique \u00e0 180 degr\u00e9s.<\/p>\n<p>Verres antibu\u00e9e pour vous assurer de nager clairement.<\/p>\n<p>Protection UV pour prot\u00e9ger vos yeux des niveaux \u00e9lev\u00e9s de lumi\u00e8re et des rayons UV nocifs des niveaux \u00e9lev\u00e9s de lumi\u00e8re et des rayons UV nocifs.<\/p>\n<p>Flexpoint 3D pour augmenter la flexibilit\u00e9 et s&#8217;adapter \u00e0 chaque forme de visage.<\/p>\n<p>Sangle fendue pour plus de s\u00e9curit\u00e9.<\/p>\n<p>Conception \u00e0 r\u00e9glage rapide, pour que vous puissiez obtenir un ajustement parfait rapidement et facilement.<\/p>\n","protected":false},"excerpt":{"rendered":"<p>Lunettes de natation Predator Flex polaris\u00e9es Ultra.<\/p>\n<p>La gamme de lunettes de natation Predator Flex offre un confort et un ajustement in\u00e9gal\u00e9s, gr\u00e2ce \u00e0 l&#8217;utilisation de 4 points de flexion uniques pour une flexibilit\u00e9 accrue de la monture et un ajustement personnalis\u00e9.<\/p>\n<p>Zoggs<\/p>\n","protected":false},"featured_media":1082,"comment_status":"closed","ping_status":"closed","template":"","meta":[],"product_brand":[558],"product_cat":[72,337,75],"product_tag":[],"class_list":{"0":"post-8696","1":"product","2":"type-product","3":"status-publish","4":"has-post-thumbnail","6":"product_brand-zoggs","7":"product_cat-equipement","8":"product_cat-liquiditations","9":"product_cat-unettes","11":"first","12":"instock","13":"sale","14":"shipping-taxable","15":"purchasable","16":"product-type-variable"},"_links":{"self":[{"href":"https:\/\/natation.ch\/fr\/wp-json\/wp\/v2\/product\/8696","targetHints":{"allow":["GET"]}}],"collection":[{"href":"https:\/\/natation.ch\/fr\/wp-json\/wp\/v2\/product"}],"about":[{"href":"https:\/\/natation.ch\/fr\/wp-json\/wp\/v2\/types\/product"}],"replies":[{"embeddable":true,"href":"https:\/\/natation.ch\/fr\/wp-json\/wp\/v2\/comments?post=8696"}],"wp:featuredmedia":[{"embeddable":true,"href":"https:\/\/natation.ch\/fr\/wp-json\/wp\/v2\/media\/1082"}],"wp:attachment":[{"href":"https:\/\/natation.ch\/fr\/wp-json\/wp\/v2\/media?parent=8696"}],"wp:term":[{"taxonomy":"product_brand","embeddable":true,"href":"https:\/\/natation.ch\/fr\/wp-json\/wp\/v2\/product_brand?post=8696"},{"taxonomy":"product_cat","embeddable":true,"href":"https:\/\/natation.ch\/fr\/wp-json\/wp\/v2\/product_cat?post=8696"},{"taxonomy":"product_tag","embeddable":true,"href":"https:\/\/natation.ch\/fr\/wp-json\/wp\/v2\/product_tag?post=8696"}],"curies":[{"name":"wp","href":"https:\/\/api.w.org\/{rel}","templated":true}]}}