{"id":8557,"date":"2025-11-22T14:49:26","date_gmt":"2025-11-22T14:49:26","guid":{"rendered":"https:\/\/natation.ch\/product\/plaquettes-forearm-fulcrum\/"},"modified":"2026-01-04T20:35:51","modified_gmt":"2026-01-04T20:35:51","slug":"plaquettes-forearm-fulcrum","status":"publish","type":"product","link":"https:\/\/natation.ch\/fr\/produit\/plaquettes-forearm-fulcrum\/","title":{"rendered":"Plaquettes Forearm Fulcrum"},"content":{"rendered":"<p><span class=\"s1\">Les Forearm Fulcrums d\u00e9veloppent une position d&#8217;avant-bras vertical pr\u00e9coce (EVF) et augmentent l&#8217;efficacit\u00e9 du mouvement. Une position EVF utilise tout l&#8217;<\/span>avant-bras pendant la traction, du bout des doigts au coude. Les Forearm Fulcrums favorisent le perfectionnement du mouvement gr\u00e2ce \u00e0 la m\u00e9moire musculaire de la position correcte de la main, du poignet et de l&#8217;avant-bras. Les Forearm Fulcrums am\u00e9liorent l&#8217;efficacit\u00e9 et maintiennent une traction forte et ininterrompue du d\u00e9but \u00e0 la fin du mouvement. Les Forearm Fulcrums sont un outil polyvalent pour les quatre nages.<\/p>\n","protected":false},"excerpt":{"rendered":"<p><span class=\"s1\">Les Forearm Fulcrums d\u00e9veloppent une position d&#8217;avant-bras vertical pr\u00e9coce (EVF) et augmentent l&#8217;efficacit\u00e9 du mouvement. Une position EVF utilise tout l&#8217;<\/span>avant-bras pendant la traction, du bout des doigts au coude. Les Forearm Fulcrums favorisent le perfectionnement du mouvement gr\u00e2ce \u00e0 la m\u00e9moire musculaire de la position correcte de la main, du poignet et de l&#8217;avant-bras. Les Forearm Fulcrums am\u00e9liorent l&#8217;efficacit\u00e9 et maintiennent une traction forte et ininterrompue du d\u00e9but \u00e0 la fin du mouvement. Les Forearm Fulcrums sont un outil polyvalent pour les quatre nages.<\/p>\n<p>Finis<\/p>\n","protected":false},"featured_media":233,"comment_status":"closed","ping_status":"closed","template":"","meta":[],"product_brand":[327],"product_cat":[72,84],"product_tag":[],"class_list":{"0":"post-8557","1":"product","2":"type-product","3":"status-publish","4":"has-post-thumbnail","6":"product_brand-finis","7":"product_cat-equipement","8":"product_cat-paddle","10":"first","11":"instock","12":"shipping-taxable","13":"purchasable","14":"product-type-simple"},"_links":{"self":[{"href":"https:\/\/natation.ch\/fr\/wp-json\/wp\/v2\/product\/8557","targetHints":{"allow":["GET"]}}],"collection":[{"href":"https:\/\/natation.ch\/fr\/wp-json\/wp\/v2\/product"}],"about":[{"href":"https:\/\/natation.ch\/fr\/wp-json\/wp\/v2\/types\/product"}],"replies":[{"embeddable":true,"href":"https:\/\/natation.ch\/fr\/wp-json\/wp\/v2\/comments?post=8557"}],"wp:featuredmedia":[{"embeddable":true,"href":"https:\/\/natation.ch\/fr\/wp-json\/wp\/v2\/media\/233"}],"wp:attachment":[{"href":"https:\/\/natation.ch\/fr\/wp-json\/wp\/v2\/media?parent=8557"}],"wp:term":[{"taxonomy":"product_brand","embeddable":true,"href":"https:\/\/natation.ch\/fr\/wp-json\/wp\/v2\/product_brand?post=8557"},{"taxonomy":"product_cat","embeddable":true,"href":"https:\/\/natation.ch\/fr\/wp-json\/wp\/v2\/product_cat?post=8557"},{"taxonomy":"product_tag","embeddable":true,"href":"https:\/\/natation.ch\/fr\/wp-json\/wp\/v2\/product_tag?post=8557"}],"curies":[{"name":"wp","href":"https:\/\/api.w.org\/{rel}","templated":true}]}}