{"id":8516,"date":"2025-11-22T14:54:18","date_gmt":"2025-11-22T14:54:18","guid":{"rendered":"https:\/\/natation.ch\/product\/freestyler-hand-paddle\/"},"modified":"2026-01-02T20:04:05","modified_gmt":"2026-01-02T20:04:05","slug":"freestyler-hand-paddle","status":"publish","type":"product","link":"https:\/\/natation.ch\/fr\/produit\/freestyler-hand-paddle\/","title":{"rendered":"Freestyler Hand paddle"},"content":{"rendered":"<p>AM\u00c9LIORATION DE LA TECHNIQUE DE NAGE : Am\u00e9liore la position du corps en optimisant l&#8217;entr\u00e9e des mains et en \u00e9liminant les croisements ; Con\u00e7u sp\u00e9cifiquement pour l&#8217;entra\u00eenement en crawl<br \/>\nRENFORCEMENT MUSCULAIRE : Offre une r\u00e9sistance accrue pour d\u00e9velopper la masse musculaire<br \/>\nDESIGN HYDRODYNAMIQUE : La forme de planche de surf r\u00e9duit la r\u00e9sistance dans l&#8217;eau et guide la main vers l&#8217;avant, allongeant chaque mouvement<br \/>\nRETOUR IMM\u00c9DIAT : La d\u00e9rive brevet\u00e9e sous la plaquette fournit un retour instantan\u00e9 sur le mouvement, optimisant et alignant l&#8217;entr\u00e9e des mains<br \/>\nR\u00c9DUIT LE STRESS DES \u00c9PAULES : Emp\u00eache le croisement des mains \u00e0 l&#8217;entr\u00e9e qui peut causer des blessures aux \u00e9paules<\/p>\n","protected":false},"excerpt":{"rendered":"<p>Sp\u00e9cialement con\u00e7ues pour l&#8217;entra\u00eenement en crawl, les plaquettes Freestyler guident la main vers l&#8217;avant dans l&#8217;eau, am\u00e9liorant l&#8217;allonge et la distance par mouvement. Avec leur forme allong\u00e9e et leur d\u00e9rive unique, les plaquettes Freestyler favorisent une traction puissante, une meilleure rotation des hanches et une efficacit\u00e9 accrue. Une sangle de doigt ajustable offre un ajustement parfait et la surface \u00e9troite aide \u00e0 pr\u00e9venir la tension des \u00e9paules.<\/p>\n<p>Finis<\/p>\n","protected":false},"featured_media":1262,"comment_status":"closed","ping_status":"closed","template":"","meta":[],"product_brand":[327],"product_cat":[72,337,84],"product_tag":[],"class_list":{"0":"post-8516","1":"product","2":"type-product","3":"status-publish","4":"has-post-thumbnail","6":"product_brand-finis","7":"product_cat-equipement","8":"product_cat-liquiditations","9":"product_cat-paddle","11":"first","12":"instock","13":"sale","14":"shipping-taxable","15":"purchasable","16":"product-type-simple"},"_links":{"self":[{"href":"https:\/\/natation.ch\/fr\/wp-json\/wp\/v2\/product\/8516","targetHints":{"allow":["GET"]}}],"collection":[{"href":"https:\/\/natation.ch\/fr\/wp-json\/wp\/v2\/product"}],"about":[{"href":"https:\/\/natation.ch\/fr\/wp-json\/wp\/v2\/types\/product"}],"replies":[{"embeddable":true,"href":"https:\/\/natation.ch\/fr\/wp-json\/wp\/v2\/comments?post=8516"}],"wp:featuredmedia":[{"embeddable":true,"href":"https:\/\/natation.ch\/fr\/wp-json\/wp\/v2\/media\/1262"}],"wp:attachment":[{"href":"https:\/\/natation.ch\/fr\/wp-json\/wp\/v2\/media?parent=8516"}],"wp:term":[{"taxonomy":"product_brand","embeddable":true,"href":"https:\/\/natation.ch\/fr\/wp-json\/wp\/v2\/product_brand?post=8516"},{"taxonomy":"product_cat","embeddable":true,"href":"https:\/\/natation.ch\/fr\/wp-json\/wp\/v2\/product_cat?post=8516"},{"taxonomy":"product_tag","embeddable":true,"href":"https:\/\/natation.ch\/fr\/wp-json\/wp\/v2\/product_tag?post=8516"}],"curies":[{"name":"wp","href":"https:\/\/api.w.org\/{rel}","templated":true}]}}