{"id":8501,"date":"2025-11-22T14:49:25","date_gmt":"2025-11-22T14:49:25","guid":{"rendered":"https:\/\/natation.ch\/product\/finger-paddle\/"},"modified":"2025-11-22T14:49:25","modified_gmt":"2025-11-22T14:49:25","slug":"finger-paddle","status":"publish","type":"product","link":"https:\/\/natation.ch\/fr\/produit\/finger-paddle\/","title":{"rendered":"Finger Paddle"},"content":{"rendered":"<p>La plaquette de doigts Biofuse permet de se concentrer sur la position des mains dans l&#8217;eau et de l&#8217;am\u00e9liorer, notamment la position d&#8217;accroche et la traction des bras. En laissant la surface de la paume expos\u00e9e, elle offre une meilleure sensation de l&#8217;eau tout en r\u00e9duisant la tension sur les \u00e9paules. Renforcez le haut du corps avec la plaquette de doigts Biofuse qui cr\u00e9e une r\u00e9sistance maximale dans l&#8217;eau &#8211; plus de r\u00e9sistance signifie plus de puissance, plus de force musculaire et un entra\u00eenement plus intense.<\/p>\n","protected":false},"excerpt":{"rendered":"<p>Speedo<br \/>\nLa plaquette de doigts Biofuse permet de se concentrer sur la position des mains dans l&#8217;eau et de l&#8217;am\u00e9liorer, notamment la position d&#8217;accroche et la traction des bras. En laissant la surface de la paume expos\u00e9e, elle offre une meilleure sensation de l&#8217;eau tout en r\u00e9duisant la tension sur les \u00e9paules. Renforcez le haut du corps avec la plaquette de doigts Biofuse qui cr\u00e9e une r\u00e9sistance maximale dans l&#8217;eau &#8211; plus de r\u00e9sistance signifie plus de puissance, plus de force musculaire et un entra\u00eenement plus intense.<\/p>\n","protected":false},"featured_media":2493,"comment_status":"closed","ping_status":"closed","template":"","meta":[],"product_brand":[330],"product_cat":[72,84],"product_tag":[],"class_list":{"0":"post-8501","1":"product","2":"type-product","3":"status-publish","4":"has-post-thumbnail","6":"product_brand-speedo","7":"product_cat-equipement","8":"product_cat-paddle","10":"first","11":"instock","12":"shipping-taxable","13":"purchasable","14":"product-type-simple"},"_links":{"self":[{"href":"https:\/\/natation.ch\/fr\/wp-json\/wp\/v2\/product\/8501","targetHints":{"allow":["GET"]}}],"collection":[{"href":"https:\/\/natation.ch\/fr\/wp-json\/wp\/v2\/product"}],"about":[{"href":"https:\/\/natation.ch\/fr\/wp-json\/wp\/v2\/types\/product"}],"replies":[{"embeddable":true,"href":"https:\/\/natation.ch\/fr\/wp-json\/wp\/v2\/comments?post=8501"}],"wp:featuredmedia":[{"embeddable":true,"href":"https:\/\/natation.ch\/fr\/wp-json\/wp\/v2\/media\/2493"}],"wp:attachment":[{"href":"https:\/\/natation.ch\/fr\/wp-json\/wp\/v2\/media?parent=8501"}],"wp:term":[{"taxonomy":"product_brand","embeddable":true,"href":"https:\/\/natation.ch\/fr\/wp-json\/wp\/v2\/product_brand?post=8501"},{"taxonomy":"product_cat","embeddable":true,"href":"https:\/\/natation.ch\/fr\/wp-json\/wp\/v2\/product_cat?post=8501"},{"taxonomy":"product_tag","embeddable":true,"href":"https:\/\/natation.ch\/fr\/wp-json\/wp\/v2\/product_tag?post=8501"}],"curies":[{"name":"wp","href":"https:\/\/api.w.org\/{rel}","templated":true}]}}