{"id":8492,"date":"2025-11-22T14:49:25","date_gmt":"2025-11-22T14:49:25","guid":{"rendered":"https:\/\/natation.ch\/product\/foam-pull-buoy\/"},"modified":"2025-11-22T14:49:25","modified_gmt":"2025-11-22T14:49:25","slug":"foam-pull-buoy","status":"publish","type":"product","link":"https:\/\/natation.ch\/fr\/produit\/foam-pull-buoy\/","title":{"rendered":"Foam Pull Buoy"},"content":{"rendered":"<p>Le pull-buoy en mousse immobilise les jambes et offre une flottabilit\u00e9 pour aider \u00e0 d\u00e9velopper la force du haut du corps et am\u00e9liorer la concentration sur la rotation correcte des hanches. Le pull-buoy en mousse aligne le corps de la t\u00eate aux pieds et am\u00e9liore la sym\u00e9trie. Fabriqu\u00e9 en mousse EVA qui ne frotte pas et n&#8217;irrite pas la peau.  <\/p>\n","protected":false},"excerpt":{"rendered":"<p>Finis<\/p>\n<p>Le pull-buoy en mousse immobilise les jambes et offre une flottabilit\u00e9 pour aider \u00e0 d\u00e9velopper la force du haut du corps et am\u00e9liorer la concentration sur la rotation correcte des hanches. Le pull-buoy en mousse aligne le corps de la t\u00eate aux pieds et am\u00e9liore la sym\u00e9trie. Fabriqu\u00e9 en mousse EVA qui ne frotte pas et n&#8217;irrite pas la peau.  <\/p>\n","protected":false},"featured_media":143,"comment_status":"closed","ping_status":"closed","template":"","meta":[],"product_brand":[327],"product_cat":[72,87],"product_tag":[],"class_list":{"0":"post-8492","1":"product","2":"type-product","3":"status-publish","4":"has-post-thumbnail","6":"product_brand-finis","7":"product_cat-equipement","8":"product_cat-pullbuoy","10":"first","11":"instock","12":"shipping-taxable","13":"purchasable","14":"product-type-variable"},"_links":{"self":[{"href":"https:\/\/natation.ch\/fr\/wp-json\/wp\/v2\/product\/8492","targetHints":{"allow":["GET"]}}],"collection":[{"href":"https:\/\/natation.ch\/fr\/wp-json\/wp\/v2\/product"}],"about":[{"href":"https:\/\/natation.ch\/fr\/wp-json\/wp\/v2\/types\/product"}],"replies":[{"embeddable":true,"href":"https:\/\/natation.ch\/fr\/wp-json\/wp\/v2\/comments?post=8492"}],"wp:featuredmedia":[{"embeddable":true,"href":"https:\/\/natation.ch\/fr\/wp-json\/wp\/v2\/media\/143"}],"wp:attachment":[{"href":"https:\/\/natation.ch\/fr\/wp-json\/wp\/v2\/media?parent=8492"}],"wp:term":[{"taxonomy":"product_brand","embeddable":true,"href":"https:\/\/natation.ch\/fr\/wp-json\/wp\/v2\/product_brand?post=8492"},{"taxonomy":"product_cat","embeddable":true,"href":"https:\/\/natation.ch\/fr\/wp-json\/wp\/v2\/product_cat?post=8492"},{"taxonomy":"product_tag","embeddable":true,"href":"https:\/\/natation.ch\/fr\/wp-json\/wp\/v2\/product_tag?post=8492"}],"curies":[{"name":"wp","href":"https:\/\/api.w.org\/{rel}","templated":true}]}}