{"id":8434,"date":"2025-11-22T14:51:50","date_gmt":"2025-11-22T14:51:50","guid":{"rendered":"https:\/\/natation.ch\/product\/lunettes-cobra-ultra-swipe-mirror\/"},"modified":"2026-02-28T11:18:32","modified_gmt":"2026-02-28T11:18:32","slug":"lunettes-cobra-ultra-swipe-mirror","status":"publish","type":"product","link":"https:\/\/natation.ch\/fr\/produit\/lunettes-cobra-ultra-swipe-mirror\/","title":{"rendered":"Lunettes Cobra Ultra Swipe Mirror"},"content":{"rendered":"<p>70% Polycarbonate 20% Silicone 8% \u00c9lastom\u00e8re thermoplastique 2% Polyur\u00e9thane<\/p>\n<p>Hydrodynamisme \/ ajustement stable<\/p>\n","protected":false},"excerpt":{"rendered":"<p>Le design Cobra offre la m\u00eame hydrodynamique incroyable et une vision lat\u00e9rale \u00e9tendue que le Cobra Core dans un design confortable et profil\u00e9. Dot\u00e9 de la technologie No Leak, No Fog, Max Comfort d&#8217;arena, le Cobra Ultra offre une visibilit\u00e9 frontale et une vitesse impressionnantes dans un design agressif utilisant une plus grande profondeur de verre pour un confort am\u00e9lior\u00e9 et un d\u00e9gagement des cils.<\/p>\n<p>Arena<\/p>\n","protected":false},"featured_media":606,"comment_status":"closed","ping_status":"closed","template":"","meta":[],"product_brand":[329],"product_cat":[72,75],"product_tag":[],"class_list":{"0":"post-8434","1":"product","2":"type-product","3":"status-publish","4":"has-post-thumbnail","6":"product_brand-arena","7":"product_cat-equipement","8":"product_cat-unettes","10":"first","11":"instock","12":"sale","13":"shipping-taxable","14":"purchasable","15":"product-type-variable"},"_links":{"self":[{"href":"https:\/\/natation.ch\/fr\/wp-json\/wp\/v2\/product\/8434","targetHints":{"allow":["GET"]}}],"collection":[{"href":"https:\/\/natation.ch\/fr\/wp-json\/wp\/v2\/product"}],"about":[{"href":"https:\/\/natation.ch\/fr\/wp-json\/wp\/v2\/types\/product"}],"replies":[{"embeddable":true,"href":"https:\/\/natation.ch\/fr\/wp-json\/wp\/v2\/comments?post=8434"}],"wp:featuredmedia":[{"embeddable":true,"href":"https:\/\/natation.ch\/fr\/wp-json\/wp\/v2\/media\/606"}],"wp:attachment":[{"href":"https:\/\/natation.ch\/fr\/wp-json\/wp\/v2\/media?parent=8434"}],"wp:term":[{"taxonomy":"product_brand","embeddable":true,"href":"https:\/\/natation.ch\/fr\/wp-json\/wp\/v2\/product_brand?post=8434"},{"taxonomy":"product_cat","embeddable":true,"href":"https:\/\/natation.ch\/fr\/wp-json\/wp\/v2\/product_cat?post=8434"},{"taxonomy":"product_tag","embeddable":true,"href":"https:\/\/natation.ch\/fr\/wp-json\/wp\/v2\/product_tag?post=8434"}],"curies":[{"name":"wp","href":"https:\/\/api.w.org\/{rel}","templated":true}]}}