{"id":8381,"date":"2025-11-22T14:54:19","date_gmt":"2025-11-22T14:54:19","guid":{"rendered":"https:\/\/natation.ch\/product\/predator-flex-titanium\/"},"modified":"2026-01-06T15:43:48","modified_gmt":"2026-01-06T15:43:48","slug":"predator-flex-titanium","status":"publish","type":"product","link":"https:\/\/natation.ch\/fr\/produit\/predator-flex-titanium\/","title":{"rendered":"Predator Flex Titanium"},"content":{"rendered":"<p><span class=\"ng-binding\">Pr\u00e9pare-toi \u00e0 vivre notre meilleur ajustement \u00e0 ce jour avec nos lunettes de natation Predator Flex Titanium. La gamme de lunettes de natation Predator Flex offre un confort et un ajustement in\u00e9gal\u00e9s, gr\u00e2ce \u00e0 l&#8217;utilisation de 4 points de flexion uniques pour une flexibilit\u00e9 accrue de la monture et un ajustement personnalis\u00e9.<br \/>\n<\/span><\/p>\n","protected":false},"excerpt":{"rendered":"<p>Taille r\u00e9guli\u00e8re<\/p>\n<p>Les lunettes de natation Predator Flex Titanium sont le choix id\u00e9al pour le nageur en eau libre. La lentille en titane les rend parfaites pour les niveaux \u00e9lev\u00e9s de luminosit\u00e9, ce qui signifie que tu peux nager sans distractions lumineuses. Avec une multitude de fonctionnalit\u00e9s suppl\u00e9mentaires comme l&#8217;antibu\u00e9e impr\u00e9gn\u00e9e dans les verres incurv\u00e9s, tu verras le drapeau d&#8217;arriv\u00e9e avec facilit\u00e9.<\/p>\n<p>Zoggs<\/p>\n","protected":false},"featured_media":1310,"comment_status":"closed","ping_status":"closed","template":"","meta":[],"product_brand":[558],"product_cat":[72,75],"product_tag":[],"class_list":{"0":"post-8381","1":"product","2":"type-product","3":"status-publish","4":"has-post-thumbnail","6":"product_brand-zoggs","7":"product_cat-equipement","8":"product_cat-unettes","10":"first","11":"instock","12":"sale","13":"shipping-taxable","14":"purchasable","15":"product-type-simple"},"_links":{"self":[{"href":"https:\/\/natation.ch\/fr\/wp-json\/wp\/v2\/product\/8381","targetHints":{"allow":["GET"]}}],"collection":[{"href":"https:\/\/natation.ch\/fr\/wp-json\/wp\/v2\/product"}],"about":[{"href":"https:\/\/natation.ch\/fr\/wp-json\/wp\/v2\/types\/product"}],"replies":[{"embeddable":true,"href":"https:\/\/natation.ch\/fr\/wp-json\/wp\/v2\/comments?post=8381"}],"wp:featuredmedia":[{"embeddable":true,"href":"https:\/\/natation.ch\/fr\/wp-json\/wp\/v2\/media\/1310"}],"wp:attachment":[{"href":"https:\/\/natation.ch\/fr\/wp-json\/wp\/v2\/media?parent=8381"}],"wp:term":[{"taxonomy":"product_brand","embeddable":true,"href":"https:\/\/natation.ch\/fr\/wp-json\/wp\/v2\/product_brand?post=8381"},{"taxonomy":"product_cat","embeddable":true,"href":"https:\/\/natation.ch\/fr\/wp-json\/wp\/v2\/product_cat?post=8381"},{"taxonomy":"product_tag","embeddable":true,"href":"https:\/\/natation.ch\/fr\/wp-json\/wp\/v2\/product_tag?post=8381"}],"curies":[{"name":"wp","href":"https:\/\/api.w.org\/{rel}","templated":true}]}}