{"id":8375,"date":"2025-11-22T14:54:19","date_gmt":"2025-11-22T14:54:19","guid":{"rendered":"https:\/\/natation.ch\/product\/predator-flex-reactor\/"},"modified":"2025-11-22T14:54:19","modified_gmt":"2025-11-22T14:54:19","slug":"predator-flex-reactor","status":"publish","type":"product","link":"https:\/\/natation.ch\/fr\/produit\/predator-flex-reactor\/","title":{"rendered":"Predator Flex reactor"},"content":{"rendered":"<ul>\n<li>Verres photochromiques changeant de teinte, id\u00e9aux pour la natation en ext\u00e9rieur et en int\u00e9rieur<\/li>\n<li>Verres en titane r\u00e9duisant l&#8217;\u00e9blouissement et la fatigue oculaire<\/li>\n<li>Verres r\u00e9actifs parfaits pour les longues nages en eau libre et en piscine<\/li>\n<li>Technologie unique 4 Flexpoint\u2122 pour une flexibilit\u00e9 accrue de la monture<\/li>\n<li>CLT\u2122 \u2013 Technologie de verre courb\u00e9 offrant une vision p\u00e9riph\u00e9rique \u00e0 180 degr\u00e9s<\/li>\n<li>Monture plus large pour un confort optimal<\/li>\n<li>Verres anti-bu\u00e9e Fogbuster\u2122 assurant un contr\u00f4le exceptionnel de l&#8217;humidit\u00e9<\/li>\n<li>Protection UV maximale<\/li>\n<li>Joints transparents permettant aux verres de r\u00e9agir plus rapidement aux changements de luminosit\u00e9<\/li>\n<li>Joint en silicone ultra-doux pour un confort et un ajustement ultimes<\/li>\n<li>Sangle en silicone \u00e0 ajustement rapide pour une r\u00e9sistance, un confort et une durabilit\u00e9 exceptionnels<\/li>\n<li>Sangle en Y r\u00e9duisant la pression sur le visage du nageur<\/li>\n<li>Lunettes pratiques pour des conditions changeantes et l&#8217;entra\u00eenement quotidien<\/li>\n<li>\u00c9tui fourni pour prot\u00e9ger les lunettes<\/li>\n<li>Choix de la r\u00e9daction du magazine 220 Triathlon<\/li>\n<li>Approuv\u00e9 par la Fina<\/li>\n<\/ul>\n","protected":false},"excerpt":{"rendered":"<p>Nos lunettes de natation Zoggs Original Predator Flex Reactor int\u00e8grent notre technologie de verre la plus avanc\u00e9e \u00e0 ce jour.<br \/>\nGris-Orange<\/p>\n","protected":false},"featured_media":1306,"comment_status":"closed","ping_status":"closed","template":"","meta":[],"product_brand":[558],"product_cat":[72,75],"product_tag":[],"class_list":{"0":"post-8375","1":"product","2":"type-product","3":"status-publish","4":"has-post-thumbnail","6":"product_brand-zoggs","7":"product_cat-equipement","8":"product_cat-unettes","10":"first","11":"instock","12":"sale","13":"shipping-taxable","14":"purchasable","15":"product-type-simple"},"_links":{"self":[{"href":"https:\/\/natation.ch\/fr\/wp-json\/wp\/v2\/product\/8375","targetHints":{"allow":["GET"]}}],"collection":[{"href":"https:\/\/natation.ch\/fr\/wp-json\/wp\/v2\/product"}],"about":[{"href":"https:\/\/natation.ch\/fr\/wp-json\/wp\/v2\/types\/product"}],"replies":[{"embeddable":true,"href":"https:\/\/natation.ch\/fr\/wp-json\/wp\/v2\/comments?post=8375"}],"wp:featuredmedia":[{"embeddable":true,"href":"https:\/\/natation.ch\/fr\/wp-json\/wp\/v2\/media\/1306"}],"wp:attachment":[{"href":"https:\/\/natation.ch\/fr\/wp-json\/wp\/v2\/media?parent=8375"}],"wp:term":[{"taxonomy":"product_brand","embeddable":true,"href":"https:\/\/natation.ch\/fr\/wp-json\/wp\/v2\/product_brand?post=8375"},{"taxonomy":"product_cat","embeddable":true,"href":"https:\/\/natation.ch\/fr\/wp-json\/wp\/v2\/product_cat?post=8375"},{"taxonomy":"product_tag","embeddable":true,"href":"https:\/\/natation.ch\/fr\/wp-json\/wp\/v2\/product_tag?post=8375"}],"curies":[{"name":"wp","href":"https:\/\/api.w.org\/{rel}","templated":true}]}}