{"id":8366,"date":"2025-11-22T14:55:42","date_gmt":"2025-11-22T14:55:42","guid":{"rendered":"https:\/\/natation.ch\/product\/fastskin-speedsocket-2-mirorr\/"},"modified":"2026-01-06T15:19:00","modified_gmt":"2026-01-06T15:19:00","slug":"fastskin-speedsocket-2-mirorr","status":"publish","type":"product","link":"https:\/\/natation.ch\/fr\/produit\/fastskin-speedsocket-2-mirorr\/","title":{"rendered":"Fastskin Speedsocket 2 mirorr"},"content":{"rendered":"<p>&#8216;- Id\u00e9al pour la comp\u00e9tition<br \/>\n&#8211; Verre miroir &#8211; R\u00e9duit la luminosit\u00e9 et les reflets. Parfait pour les courses et comp\u00e9titions.<br \/>\n&#8211; Double sangle de t\u00eate pour un maintien s\u00fbr.<\/p>\n","protected":false},"excerpt":{"rendered":"<p>Bleu \/ Vert<\/p>\n<p>Comp\u00e9tition<\/p>\n<p>Speedo<\/p>\n","protected":false},"featured_media":1507,"comment_status":"closed","ping_status":"closed","template":"","meta":[],"product_brand":[330],"product_cat":[72,337,75],"product_tag":[],"class_list":{"0":"post-8366","1":"product","2":"type-product","3":"status-publish","4":"has-post-thumbnail","6":"product_brand-speedo","7":"product_cat-equipement","8":"product_cat-liquiditations","9":"product_cat-unettes","11":"first","12":"instock","13":"sale","14":"shipping-taxable","15":"purchasable","16":"product-type-variable"},"_links":{"self":[{"href":"https:\/\/natation.ch\/fr\/wp-json\/wp\/v2\/product\/8366","targetHints":{"allow":["GET"]}}],"collection":[{"href":"https:\/\/natation.ch\/fr\/wp-json\/wp\/v2\/product"}],"about":[{"href":"https:\/\/natation.ch\/fr\/wp-json\/wp\/v2\/types\/product"}],"replies":[{"embeddable":true,"href":"https:\/\/natation.ch\/fr\/wp-json\/wp\/v2\/comments?post=8366"}],"wp:featuredmedia":[{"embeddable":true,"href":"https:\/\/natation.ch\/fr\/wp-json\/wp\/v2\/media\/1507"}],"wp:attachment":[{"href":"https:\/\/natation.ch\/fr\/wp-json\/wp\/v2\/media?parent=8366"}],"wp:term":[{"taxonomy":"product_brand","embeddable":true,"href":"https:\/\/natation.ch\/fr\/wp-json\/wp\/v2\/product_brand?post=8366"},{"taxonomy":"product_cat","embeddable":true,"href":"https:\/\/natation.ch\/fr\/wp-json\/wp\/v2\/product_cat?post=8366"},{"taxonomy":"product_tag","embeddable":true,"href":"https:\/\/natation.ch\/fr\/wp-json\/wp\/v2\/product_tag?post=8366"}],"curies":[{"name":"wp","href":"https:\/\/api.w.org\/{rel}","templated":true}]}}